{"id":8104,"date":"2022-03-29T06:36:30","date_gmt":"2022-03-29T06:36:30","guid":{"rendered":"https:\/\/ebeme.fr\/ebeme\/?page_id=8104"},"modified":"2026-01-08T11:14:52","modified_gmt":"2026-01-08T11:14:52","slug":"troubles-allergiques-intolerances-sensibilites","status":"publish","type":"page","link":"https:\/\/ebeme.fr\/ebeme\/troubles-allergiques-intolerances-sensibilites\/","title":{"rendered":"BBA"},"content":{"rendered":"<div class=\"brz-root__container brz-reset-all brz\">\n<section id=\"_vbvpdqvzrd\" class=\"brz-section brz-css-is7zw\">\n<div class=\"brz-section__content brz-section--boxed brz-css-ozUx0 brz-css-rJ2xx\" data-brz-custom-id=\"mmhenepbbx\">\n<div class=\"brz-bg\">\n<div class=\"brz-bg-image\"><\/div>\n<div class=\"brz-bg-color\"><\/div>\n<\/div>\n<div class=\"brz-container brz-css-seETP\">\n<div id=\"\" class=\"brz-css-iap9H brz-wrapper\">\n<div class=\"brz-rich-text brz-rich-text__custom brz-css-jGY1G\" data-brz-custom-id=\"cmmwvgzglv\">\n<div data-brz-translate-text=\"1\">\n<h1 class=\"brz-text-lg-center brz-tp-lg-heading1 brz-css-tEKXC\" data-uniq-id=\"aMOuw\" data-generated-css=\"brz-css-m0Zus\"><span class=\"brz-cp-color2\" style=\"background-color: transparent\">Troubles allergiques, intol\u00e9rances, sensibilit\u00e9s, troubles de l&rsquo;immunit\u00e9 &#8230;<\/span><\/h1>\n<\/div>\n<\/div>\n<\/div>\n<div id=\"\" class=\"brz-css-iap9H brz-css-cDSzj brz-wrapper\">\n<div class=\"brz-spacer brz-css-lbFHj brz-css-ecF83\"><\/div>\n<\/div>\n<div class=\"brz-row__container brz-css-bUIxI\" data-brz-custom-id=\"zibsodtvfk\">\n<div class=\"brz-bg\"><\/div>\n<div class=\"brz-row brz-css-qI_o5 brz-css-bK2k8\">\n<div class=\"brz-columns brz-css-p8sQF brz-css-chaMe\" data-brz-custom-id=\"hcfpvevfpf\">\n<div class=\"brz-bg\"><\/div>\n<div class=\"brz-column__items brz-css-yuOrX\">\n<div id=\"\" class=\"brz-css-iap9H brz-css-ueVj2 brz-wrapper\">\n<div class=\"brz-rich-text brz-rich-text__custom brz-css-jGY1G\" data-brz-custom-id=\"nbamlxdcxt\">\n<div data-brz-translate-text=\"1\">\n<p class=\"brz-ls-xs-0 brz-fw-xs-300 brz-ls-sm-im-2 brz-ls-lg-0 brz-lh-sm-im-1_5 brz-lh-lg-1_5 brz-fw-sm-im-600 brz-ff-montserrat brz-text-lg-center brz-fw-lg-300 brz-fs-lg-25 brz-fs-sm-im-20 brz-fs-xs-17 brz-lh-xs-1_4 brz-css-hLPyK\"><strong class=\"brz-cp-color1\">Le ph\u00e9nom\u00e8ne allergique,<\/strong><span class=\"brz-cp-color1\"> en \u00e9nerg\u00e9tique, est une r\u00e9action inappropri\u00e9e&nbsp;<\/span><\/p>\n<p class=\"brz-ls-xs-0 brz-fw-xs-300 brz-ls-sm-im-2 brz-ls-lg-0 brz-lh-sm-im-1_5 brz-lh-lg-1_5 brz-fw-sm-im-600 brz-ff-montserrat brz-text-lg-center brz-fw-lg-300 brz-fs-lg-25 brz-fs-sm-im-20 brz-fs-xs-17 brz-lh-xs-1_4 brz-css-tbrrd\"><span class=\"brz-cp-color1\">(physique, physiologique, ou psychologique) d&rsquo;une personne particuli\u00e8re&nbsp;<\/span><\/p>\n<p class=\"brz-ls-xs-0 brz-fw-xs-300 brz-ls-sm-im-2 brz-ls-lg-0 brz-lh-sm-im-1_5 brz-lh-lg-1_5 brz-fw-sm-im-600 brz-ff-montserrat brz-text-lg-center brz-fw-lg-300 brz-fs-lg-25 brz-fs-sm-im-20 brz-fs-xs-17 brz-lh-xs-1_4 brz-css-zMnKx\"><span class=\"brz-cp-color1\">face \u00e0 une ou des substances donn\u00e9es, du fait d&rsquo;un dysfonctionnement interne.<\/span><\/p>\n<\/div>\n<\/div>\n<\/div>\n<div id=\"\" class=\"brz-css-iap9H brz-css-sElLj brz-wrapper\">\n<div class=\"brz-rich-text brz-rich-text__custom brz-css-jGY1G\" data-brz-custom-id=\"lwpffdnlbi\">\n<div data-brz-translate-text=\"1\">\n<p class=\"brz-ls-xs-0 brz-fw-xs-300 brz-ls-sm-2 brz-lh-sm-1_5 brz-fw-sm-600 brz-text-lg-center brz-fs-sm-20 brz-fs-xs-17 brz-lh-xs-1_4 brz-tp-lg-empty brz-ff-montserrat brz-ft-google brz-fs-lg-24 brz-fss-lg-px brz-fw-lg-300 brz-ls-lg-0 brz-lh-lg-1_5 brz-vfw-lg-400 brz-fwdth-lg-100 brz-fsft-lg-0 brz-css-da8yq\" data-uniq-id=\"qk7Cy\" data-generated-css=\"brz-css-yArS8\"><span class=\"brz-cp-color1\">Par le biais des&nbsp;<\/span><strong class=\"brz-cp-color1\">m\u00e9ridiens d&rsquo;\u00e9nergie<\/strong><span class=\"brz-cp-color1\">, il s&rsquo;agit de&nbsp;<\/span><strong class=\"brz-cp-color1\">r\u00e9\u00e9quilibrer <\/strong><span class=\"brz-cp-color1\">\u00e9nerg\u00e9tiquement l&rsquo;organisme&nbsp;pour l&rsquo;aider \u00e0 retrouver sa pleine capacit\u00e9 \u00e0 g\u00e9rer harmonieusement et durablement&nbsp;les substances de son environnement, potentiellement allerg\u00e8nes pour lui.&nbsp;&nbsp;<\/span><\/p>\n<\/div>\n<\/div>\n<\/div>\n<div id=\"\" class=\"brz-css-iap9H brz-css-e9HXr brz-wrapper\">\n<div class=\"brz-rich-text brz-rich-text__custom brz-css-jGY1G\" data-brz-custom-id=\"lxfxukasnn\">\n<div data-brz-translate-text=\"1\">\n<p class=\"brz-lh-xs-1_4 brz-fs-xs-17 brz-fs-sm-20 brz-fs-lg-25 brz-fw-lg-300 brz-text-lg-center brz-ff-montserrat brz-fw-sm-600 brz-lh-lg-1_5 brz-lh-sm-1_5 brz-ls-lg-0 brz-ls-sm-2 brz-fw-xs-300 brz-ls-xs-0 brz-css-slpbY\" data-generated-css=\"brz-css-rGLUK\" data-uniq-id=\"nglyW\"><a class=\"brz-cp-color3 link--external\" href=\"https:\/\/www.bba-byebyeallergies.org\/\" data-brz-link-type=\"external\">BBA<\/a><span class=\"brz-cp-color1\"> est une&nbsp;<\/span><strong class=\"brz-cp-color1\">technique \u00e9nerg\u00e9tique naturelle,<\/strong><span class=\"brz-cp-color1\"> qui trouve ses origines dans diverses m\u00e9thodes (kin\u00e9siologie, \u00e9nerg\u00e9tique chinoise, ost\u00e9opathie \u00e9nerg\u00e9tique&#8230;)&nbsp;<\/span><\/p>\n<\/div>\n<\/div>\n<\/div>\n<div id=\"\" class=\"brz-css-iap9H brz-css-zMeXt brz-wrapper\">\n<div class=\"brz-rich-text brz-rich-text__custom brz-css-jGY1G\" data-brz-custom-id=\"mljfzcmrfi\">\n<div data-brz-translate-text=\"1\">\n<p class=\"brz-fs-sm-im-8 brz-fs-lg-12 brz-text-lg-right brz-ls-xs-0 brz-fw-xs-300 brz-ls-sm-im-2 brz-ls-lg-0 brz-lh-sm-im-1_5 brz-lh-lg-1_5 brz-fw-sm-im-600 brz-ff-montserrat brz-fw-lg-300 brz-fs-xs-17 brz-lh-xs-1_4 brz-css-fS3gm\">&nbsp;<\/p>\n<\/div>\n<\/div>\n<\/div>\n<\/div>\n<\/div>\n<\/div>\n<\/div>\n<div id=\"\" class=\"brz-css-iap9H brz-wrapper\">\n<div class=\"brz-rich-text brz-rich-text__custom brz-css-jGY1G\" data-brz-custom-id=\"zbfnkkynhj\">\n<div data-brz-translate-text=\"1\">\n<h4 class=\"brz-tp-lg-heading3 brz-text-lg-center brz-css-mS4XO\" data-generated-css=\"brz-css-jKHb5\" data-uniq-id=\"t5bpc\"><span class=\"brz-cp-color2\">Pour aborder la cause du trouble allergique&nbsp;<\/span><\/h4>\n<h4 class=\"brz-tp-lg-heading3 brz-text-lg-center brz-css-i1OKh\" data-generated-css=\"brz-css-pQbBM\" data-uniq-id=\"wGjO5\"><span class=\"brz-cp-color2\">et pas simplement les sympt\u00f4mes qui en r\u00e9sultent<\/span><\/h4>\n<\/div>\n<\/div>\n<\/div>\n<\/div>\n<\/div>\n<\/section>\n<\/div>\n<p>    <!-- version:1736445439 --><\/p>\n","protected":false},"excerpt":{"rendered":"<p>Troubles allergiques, intol\u00e9rances, sensibilit\u00e9s, troubles de l&rsquo;immunit\u00e9 &#8230; Le ph\u00e9nom\u00e8ne allergique, en \u00e9nerg\u00e9tique, est une r\u00e9action inappropri\u00e9e&nbsp; (physique, physiologique, ou psychologique) d&rsquo;une personne particuli\u00e8re&nbsp; face \u00e0 une ou des substances donn\u00e9es, du fait d&rsquo;un dysfonctionnement interne. Par le biais des&nbsp;m\u00e9ridiens d&rsquo;\u00e9nergie, il s&rsquo;agit de&nbsp;r\u00e9\u00e9quilibrer \u00e9nerg\u00e9tiquement l&rsquo;organisme&nbsp;pour l&rsquo;aider \u00e0 retrouver sa pleine capacit\u00e9 \u00e0 g\u00e9rer harmonieusement<span class=\"post-excerpt-end\">&hellip;<\/span><\/p>\n<p class=\"more-link\"><a href=\"https:\/\/ebeme.fr\/ebeme\/troubles-allergiques-intolerances-sensibilites\/\" class=\"themebutton\">Read More<\/a><\/p>\n","protected":false},"author":1,"featured_media":0,"parent":0,"menu_order":0,"comment_status":"closed","ping_status":"closed","template":"","meta":{"_exactmetrics_skip_tracking":false,"_exactmetrics_sitenote_active":false,"_exactmetrics_sitenote_note":"","_exactmetrics_sitenote_category":0,"footnotes":""},"class_list":["post-8104","page","type-page","status-publish","hentry"],"yoast_head":"<!-- This site is optimized with the Yoast SEO plugin v26.9 - https:\/\/yoast.com\/product\/yoast-seo-wordpress\/ -->\n<title>BBA - Myl\u00e8ne GUILLOT - Magn\u00e9tiseuse Rebouteuse Relaxologue Energ\u00e9ticienne spirituelle<\/title>\n<meta name=\"description\" content=\"Allergies intol\u00e9rances sensibilit\u00e9s : d\u00e9couvrez les techniques de Myl\u00e8ne GUILLOT, Magn\u00e9tiseuse, rebouteuse, relaxologue et \u00e9nerg\u00e9ticienne.\" \/>\n<meta name=\"robots\" content=\"index, follow, max-snippet:-1, max-image-preview:large, max-video-preview:-1\" \/>\n<link rel=\"canonical\" href=\"https:\/\/ebeme.fr\/ebeme\/troubles-allergiques-intolerances-sensibilites\/\" \/>\n<meta property=\"og:locale\" content=\"fr_FR\" \/>\n<meta property=\"og:type\" content=\"article\" \/>\n<meta property=\"og:title\" content=\"BBA - Myl\u00e8ne GUILLOT - Magn\u00e9tiseuse Rebouteuse Relaxologue Energ\u00e9ticienne spirituelle\" \/>\n<meta property=\"og:description\" content=\"Allergies intol\u00e9rances sensibilit\u00e9s : d\u00e9couvrez les techniques de Myl\u00e8ne GUILLOT, Magn\u00e9tiseuse, rebouteuse, relaxologue et \u00e9nerg\u00e9ticienne.\" \/>\n<meta property=\"og:url\" content=\"https:\/\/ebeme.fr\/ebeme\/troubles-allergiques-intolerances-sensibilites\/\" \/>\n<meta property=\"og:site_name\" content=\"Myl\u00e8ne GUILLOT - Magn\u00e9tiseuse Rebouteuse Relaxologue Energ\u00e9ticienne spirituelle\" \/>\n<meta property=\"article:publisher\" content=\"https:\/\/www.facebook.com\/mylene.guillot.ebeme\" \/>\n<meta property=\"article:modified_time\" content=\"2026-01-08T11:14:52+00:00\" \/>\n<meta name=\"twitter:card\" content=\"summary_large_image\" \/>\n<meta name=\"twitter:label1\" content=\"Dur\u00e9e de lecture estim\u00e9e\" \/>\n\t<meta name=\"twitter:data1\" content=\"1 minute\" \/>\n<script type=\"application\/ld+json\" class=\"yoast-schema-graph\">{\"@context\":\"https:\/\/schema.org\",\"@graph\":[{\"@type\":\"WebPage\",\"@id\":\"https:\/\/ebeme.fr\/ebeme\/troubles-allergiques-intolerances-sensibilites\/\",\"url\":\"https:\/\/ebeme.fr\/ebeme\/troubles-allergiques-intolerances-sensibilites\/\",\"name\":\"BBA - Myl\u00e8ne GUILLOT - Magn\u00e9tiseuse Rebouteuse Relaxologue Energ\u00e9ticienne spirituelle\",\"isPartOf\":{\"@id\":\"https:\/\/ebeme.fr\/ebeme\/#website\"},\"datePublished\":\"2022-03-29T06:36:30+00:00\",\"dateModified\":\"2026-01-08T11:14:52+00:00\",\"description\":\"Allergies intol\u00e9rances sensibilit\u00e9s : d\u00e9couvrez les techniques de Myl\u00e8ne GUILLOT, Magn\u00e9tiseuse, rebouteuse, relaxologue et \u00e9nerg\u00e9ticienne.\",\"breadcrumb\":{\"@id\":\"https:\/\/ebeme.fr\/ebeme\/troubles-allergiques-intolerances-sensibilites\/#breadcrumb\"},\"inLanguage\":\"fr-FR\",\"potentialAction\":[{\"@type\":\"ReadAction\",\"target\":[\"https:\/\/ebeme.fr\/ebeme\/troubles-allergiques-intolerances-sensibilites\/\"]}]},{\"@type\":\"BreadcrumbList\",\"@id\":\"https:\/\/ebeme.fr\/ebeme\/troubles-allergiques-intolerances-sensibilites\/#breadcrumb\",\"itemListElement\":[{\"@type\":\"ListItem\",\"position\":1,\"name\":\"Home\",\"item\":\"https:\/\/ebeme.fr\/ebeme\/\"},{\"@type\":\"ListItem\",\"position\":2,\"name\":\"BBA\"}]},{\"@type\":\"WebSite\",\"@id\":\"https:\/\/ebeme.fr\/ebeme\/#website\",\"url\":\"https:\/\/ebeme.fr\/ebeme\/\",\"name\":\"Myl\u00e8ne GUILLOT - Magn\u00e9tiseuse Rebouteuse Relaxologue\",\"description\":\"EBEME Energie du Bien \u00catre pour Mieux \u00catre\",\"publisher\":{\"@id\":\"https:\/\/ebeme.fr\/ebeme\/#organization\"},\"potentialAction\":[{\"@type\":\"SearchAction\",\"target\":{\"@type\":\"EntryPoint\",\"urlTemplate\":\"https:\/\/ebeme.fr\/ebeme\/?s={search_term_string}\"},\"query-input\":{\"@type\":\"PropertyValueSpecification\",\"valueRequired\":true,\"valueName\":\"search_term_string\"}}],\"inLanguage\":\"fr-FR\"},{\"@type\":\"Organization\",\"@id\":\"https:\/\/ebeme.fr\/ebeme\/#organization\",\"name\":\"Myl\u00e8ne GUILLOT - Magn\u00e9tiseuse Rebouteuse Relaxologue\",\"url\":\"https:\/\/ebeme.fr\/ebeme\/\",\"logo\":{\"@type\":\"ImageObject\",\"inLanguage\":\"fr-FR\",\"@id\":\"https:\/\/ebeme.fr\/ebeme\/#\/schema\/logo\/image\/\",\"url\":\"https:\/\/ebeme.fr\/ebeme\/wp-content\/uploads\/2024\/12\/cropped-Logo_1_Mylene-GUILLOT_Magnetiseuse-Rebouteuse-Relaxologue-Energeticienne-spirituelle-1.jpg\",\"contentUrl\":\"https:\/\/ebeme.fr\/ebeme\/wp-content\/uploads\/2024\/12\/cropped-Logo_1_Mylene-GUILLOT_Magnetiseuse-Rebouteuse-Relaxologue-Energeticienne-spirituelle-1.jpg\",\"width\":416,\"height\":122,\"caption\":\"Myl\u00e8ne GUILLOT - Magn\u00e9tiseuse Rebouteuse Relaxologue\"},\"image\":{\"@id\":\"https:\/\/ebeme.fr\/ebeme\/#\/schema\/logo\/image\/\"},\"sameAs\":[\"https:\/\/www.facebook.com\/mylene.guillot.ebeme\"]}]}<\/script>\n<!-- \/ Yoast SEO plugin. -->","yoast_head_json":{"title":"BBA - Myl\u00e8ne GUILLOT - Magn\u00e9tiseuse Rebouteuse Relaxologue Energ\u00e9ticienne spirituelle","description":"Allergies intol\u00e9rances sensibilit\u00e9s : d\u00e9couvrez les techniques de Myl\u00e8ne GUILLOT, Magn\u00e9tiseuse, rebouteuse, relaxologue et \u00e9nerg\u00e9ticienne.","robots":{"index":"index","follow":"follow","max-snippet":"max-snippet:-1","max-image-preview":"max-image-preview:large","max-video-preview":"max-video-preview:-1"},"canonical":"https:\/\/ebeme.fr\/ebeme\/troubles-allergiques-intolerances-sensibilites\/","og_locale":"fr_FR","og_type":"article","og_title":"BBA - Myl\u00e8ne GUILLOT - Magn\u00e9tiseuse Rebouteuse Relaxologue Energ\u00e9ticienne spirituelle","og_description":"Allergies intol\u00e9rances sensibilit\u00e9s : d\u00e9couvrez les techniques de Myl\u00e8ne GUILLOT, Magn\u00e9tiseuse, rebouteuse, relaxologue et \u00e9nerg\u00e9ticienne.","og_url":"https:\/\/ebeme.fr\/ebeme\/troubles-allergiques-intolerances-sensibilites\/","og_site_name":"Myl\u00e8ne GUILLOT - Magn\u00e9tiseuse Rebouteuse Relaxologue Energ\u00e9ticienne spirituelle","article_publisher":"https:\/\/www.facebook.com\/mylene.guillot.ebeme","article_modified_time":"2026-01-08T11:14:52+00:00","twitter_card":"summary_large_image","twitter_misc":{"Dur\u00e9e de lecture estim\u00e9e":"1 minute"},"schema":{"@context":"https:\/\/schema.org","@graph":[{"@type":"WebPage","@id":"https:\/\/ebeme.fr\/ebeme\/troubles-allergiques-intolerances-sensibilites\/","url":"https:\/\/ebeme.fr\/ebeme\/troubles-allergiques-intolerances-sensibilites\/","name":"BBA - Myl\u00e8ne GUILLOT - Magn\u00e9tiseuse Rebouteuse Relaxologue Energ\u00e9ticienne spirituelle","isPartOf":{"@id":"https:\/\/ebeme.fr\/ebeme\/#website"},"datePublished":"2022-03-29T06:36:30+00:00","dateModified":"2026-01-08T11:14:52+00:00","description":"Allergies intol\u00e9rances sensibilit\u00e9s : d\u00e9couvrez les techniques de Myl\u00e8ne GUILLOT, Magn\u00e9tiseuse, rebouteuse, relaxologue et \u00e9nerg\u00e9ticienne.","breadcrumb":{"@id":"https:\/\/ebeme.fr\/ebeme\/troubles-allergiques-intolerances-sensibilites\/#breadcrumb"},"inLanguage":"fr-FR","potentialAction":[{"@type":"ReadAction","target":["https:\/\/ebeme.fr\/ebeme\/troubles-allergiques-intolerances-sensibilites\/"]}]},{"@type":"BreadcrumbList","@id":"https:\/\/ebeme.fr\/ebeme\/troubles-allergiques-intolerances-sensibilites\/#breadcrumb","itemListElement":[{"@type":"ListItem","position":1,"name":"Home","item":"https:\/\/ebeme.fr\/ebeme\/"},{"@type":"ListItem","position":2,"name":"BBA"}]},{"@type":"WebSite","@id":"https:\/\/ebeme.fr\/ebeme\/#website","url":"https:\/\/ebeme.fr\/ebeme\/","name":"Myl\u00e8ne GUILLOT - Magn\u00e9tiseuse Rebouteuse Relaxologue","description":"EBEME Energie du Bien \u00catre pour Mieux \u00catre","publisher":{"@id":"https:\/\/ebeme.fr\/ebeme\/#organization"},"potentialAction":[{"@type":"SearchAction","target":{"@type":"EntryPoint","urlTemplate":"https:\/\/ebeme.fr\/ebeme\/?s={search_term_string}"},"query-input":{"@type":"PropertyValueSpecification","valueRequired":true,"valueName":"search_term_string"}}],"inLanguage":"fr-FR"},{"@type":"Organization","@id":"https:\/\/ebeme.fr\/ebeme\/#organization","name":"Myl\u00e8ne GUILLOT - Magn\u00e9tiseuse Rebouteuse Relaxologue","url":"https:\/\/ebeme.fr\/ebeme\/","logo":{"@type":"ImageObject","inLanguage":"fr-FR","@id":"https:\/\/ebeme.fr\/ebeme\/#\/schema\/logo\/image\/","url":"https:\/\/ebeme.fr\/ebeme\/wp-content\/uploads\/2024\/12\/cropped-Logo_1_Mylene-GUILLOT_Magnetiseuse-Rebouteuse-Relaxologue-Energeticienne-spirituelle-1.jpg","contentUrl":"https:\/\/ebeme.fr\/ebeme\/wp-content\/uploads\/2024\/12\/cropped-Logo_1_Mylene-GUILLOT_Magnetiseuse-Rebouteuse-Relaxologue-Energeticienne-spirituelle-1.jpg","width":416,"height":122,"caption":"Myl\u00e8ne GUILLOT - Magn\u00e9tiseuse Rebouteuse Relaxologue"},"image":{"@id":"https:\/\/ebeme.fr\/ebeme\/#\/schema\/logo\/image\/"},"sameAs":["https:\/\/www.facebook.com\/mylene.guillot.ebeme"]}]}},"brizy_media":[{"id":3407,"url":"https:\/\/ebeme.fr\/ebeme\/wp-content\/uploads\/2019\/12\/5.4.1_Formation-en-Magn\u00e9tisme_Reboutement-EBEME.jpg","name":"5.4.1_Formation-en-Magn\u00e9tisme_Reboutement-EBEME.jpg","meta":{"brizy_attachment_uid":"wp-866f9dfc4611e9852a3f9ec4add26c4d","brizy_post_uid":["c84dc04dad210f60195d8d97459fd188"]}},{"id":3408,"url":"https:\/\/ebeme.fr\/ebeme\/wp-content\/uploads\/2019\/12\/5.4.2_Formation-en-Magn\u00e9tisme_Reboutement-EBEME.jpg","name":"5.4.2_Formation-en-Magn\u00e9tisme_Reboutement-EBEME.jpg","meta":{"brizy_attachment_uid":"wp-d1ba58970a0b0824fd0afc2ad601cfa2","brizy_post_uid":["c84dc04dad210f60195d8d97459fd188"]}},{"id":3411,"url":"https:\/\/ebeme.fr\/ebeme\/wp-content\/uploads\/2019\/12\/4.5.1_Logo-relaxologue-de-pleine-conscience-EBEME.jpg","name":"4.5.1_Logo-relaxologue-de-pleine-conscience-EBEME.jpg","meta":{"brizy_attachment_uid":"wp-0b018c353620d02f04611d12896e77e1","brizy_post_uid":["c84dc04dad210f60195d8d97459fd188"]}},{"id":3412,"url":"https:\/\/ebeme.fr\/ebeme\/wp-content\/uploads\/2019\/12\/4.5.2_Certificat-relaxologue-de-pleine-conscience-EBEME.png","name":"4.5.2_Certificat-relaxologue-de-pleine-conscience-EBEME.png","meta":{"brizy_attachment_uid":"wp-40848fe5ee758d6b4d6fe5734d80980d","brizy_post_uid":["c84dc04dad210f60195d8d97459fd188"]}},{"id":3415,"url":"https:\/\/ebeme.fr\/ebeme\/wp-content\/uploads\/2019\/12\/5.0_Magn\u00e9tisme_Reboutement-EBEME.jpg","name":"5.0_Magn\u00e9tisme_Reboutement-EBEME.jpg","meta":{"brizy_attachment_uid":"wp-eb91fafccbc7915bc323b47d672a503a","brizy_post_uid":["c84dc04dad210f60195d8d97459fd188"]}},{"id":5632,"url":"https:\/\/ebeme.fr\/ebeme\/wp-content\/uploads\/2021\/01\/5.4.3_Formation-en-Magn\u00e9tisme_Reboutement-Myl\u00e8ne-GUILLOT.jpg","name":"5.4.3_Formation-en-Magn\u00e9tisme_Reboutement-Myl\u00e8ne-GUILLOT.jpg","meta":{"brizy_attachment_uid":"wp-379a0ab108e9b707ab1cb01744bddf4d","brizy_post_uid":["c84dc04dad210f60195d8d97459fd188"]}},{"id":7303,"url":"https:\/\/ebeme.fr\/ebeme\/wp-content\/uploads\/2021\/11\/8.0_Fleurs-de-Bach_Myl\u00e8ne-GUILLOT-Magn\u00e9tiseuse-Rebouteuse-Relaxologue.jpg","name":"8.0_Fleurs-de-Bach_Myl\u00e8ne-GUILLOT-Magn\u00e9tiseuse-Rebouteuse-Relaxologue.jpg","meta":{"brizy_attachment_uid":"wp-303aaf06b6e27a35b9bba6baaf53ad67","brizy_post_uid":["c84dc04dad210f60195d8d97459fd188","92e71d2b398590b61076ee3cb101a525"]}},{"id":8132,"url":"https:\/\/ebeme.fr\/ebeme\/wp-content\/uploads\/2022\/03\/9.0_Allergies-intol\u00e9rances_Myl\u00e8ne-GUILLOT-Magn\u00e9tiseuse-Rebouteuse-Relaxologue-1.jpg","name":"9.0_Allergies-intol\u00e9rances_Myl\u00e8ne-GUILLOT-Magn\u00e9tiseuse-Rebouteuse-Relaxologue-1.jpg","meta":{"brizy_attachment_uid":"wp-a2bde7e1eeac206b27d0f362255e8c03","brizy_post_uid":["c84dc04dad210f60195d8d97459fd188"]}},{"id":8248,"url":"https:\/\/ebeme.fr\/ebeme\/wp-content\/uploads\/2022\/04\/9.5.1_dipl\u00f4me-allergies-1_Myl\u00e8ne-GUILLOT-Magn\u00e9tiseuse-Rebouteuse-Relaxologue.jpg","name":"9.5.1_dipl\u00f4me-allergies-1_Myl\u00e8ne-GUILLOT-Magn\u00e9tiseuse-Rebouteuse-Relaxologue.jpg","meta":{"brizy_attachment_uid":"wp-9465ae9769cd9f0a16b23d594e89e06f","brizy_post_uid":["c84dc04dad210f60195d8d97459fd188"]}},{"id":8249,"url":"https:\/\/ebeme.fr\/ebeme\/wp-content\/uploads\/2022\/04\/9.5.2_dipl\u00f4me-allergies-2_Myl\u00e8ne-GUILLOT-Magn\u00e9tiseuse-Rebouteuse-Relaxologue.jpg","name":"9.5.2_dipl\u00f4me-allergies-2_Myl\u00e8ne-GUILLOT-Magn\u00e9tiseuse-Rebouteuse-Relaxologue.jpg","meta":{"brizy_attachment_uid":"wp-7bbfb6dcfe29afaa52eb69cba3bf03a6","brizy_post_uid":["c84dc04dad210f60195d8d97459fd188"]}},{"id":8617,"url":"https:\/\/ebeme.fr\/ebeme\/wp-content\/uploads\/2022\/08\/9.5.3_Dipl\u00f4me-Bye-Bye-Allergies_Myl\u00e8ne-GUILLOT-Magn\u00e9tiseuse-Rebouteuse-Relaxologue.jpg","name":"9.5.3_Dipl\u00f4me-Bye-Bye-Allergies_Myl\u00e8ne-GUILLOT-Magn\u00e9tiseuse-Rebouteuse-Relaxologue.jpg","meta":{"brizy_attachment_uid":"wp-1cefbb2886ffb2fc53a037c4d063cb5e","brizy_post_uid":["c84dc04dad210f60195d8d97459fd188"]}},{"id":9110,"url":"https:\/\/ebeme.fr\/ebeme\/wp-content\/uploads\/2023\/08\/Guidance-spirituelle_Mylene-GUILLOT_Magnetiseuse-Rebouteuse-Relaxologue-Energeticienne.jpg","name":"Guidance-spirituelle_Mylene-GUILLOT_Magnetiseuse-Rebouteuse-Relaxologue-Energeticienne.jpg","meta":{"brizy_attachment_uid":"wp-aa82b4691a83f8381672b7fd36cf4d7d","brizy_post_uid":["c84dc04dad210f60195d8d97459fd188"]}}],"_links":{"self":[{"href":"https:\/\/ebeme.fr\/ebeme\/wp-json\/wp\/v2\/pages\/8104","targetHints":{"allow":["GET"]}}],"collection":[{"href":"https:\/\/ebeme.fr\/ebeme\/wp-json\/wp\/v2\/pages"}],"about":[{"href":"https:\/\/ebeme.fr\/ebeme\/wp-json\/wp\/v2\/types\/page"}],"author":[{"embeddable":true,"href":"https:\/\/ebeme.fr\/ebeme\/wp-json\/wp\/v2\/users\/1"}],"replies":[{"embeddable":true,"href":"https:\/\/ebeme.fr\/ebeme\/wp-json\/wp\/v2\/comments?post=8104"}],"version-history":[{"count":29,"href":"https:\/\/ebeme.fr\/ebeme\/wp-json\/wp\/v2\/pages\/8104\/revisions"}],"predecessor-version":[{"id":11404,"href":"https:\/\/ebeme.fr\/ebeme\/wp-json\/wp\/v2\/pages\/8104\/revisions\/11404"}],"wp:attachment":[{"href":"https:\/\/ebeme.fr\/ebeme\/wp-json\/wp\/v2\/media?parent=8104"}],"curies":[{"name":"wp","href":"https:\/\/api.w.org\/{rel}","templated":true}]}}