{"id":8110,"date":"2022-03-29T06:42:44","date_gmt":"2022-03-29T06:42:44","guid":{"rendered":"https:\/\/ebeme.fr\/ebeme\/?page_id=8110"},"modified":"2026-01-09T09:34:12","modified_gmt":"2026-01-09T09:34:12","slug":"en-pratique-bba","status":"publish","type":"page","link":"https:\/\/ebeme.fr\/ebeme\/en-pratique-bba\/","title":{"rendered":"En pratique BBA"},"content":{"rendered":"<div class=\"brz-root__container brz-reset-all brz\">\n<section id=\"_xirsjurvps\" class=\"brz-section brz-css-duI_A\">\n<div class=\"brz-section__content brz-section--boxed brz-css-bYJT1 brz-css-l1t97\" data-brz-custom-id=\"fdpfbrqqer\">\n<div class=\"brz-bg\">\n<div class=\"brz-bg-color\"><\/div>\n<\/div>\n<div class=\"brz-container brz-css-rZKJq\">\n<div class=\"brz-row__container brz-css-irTJo\" data-brz-custom-id=\"oqvzrytiah\">\n<div class=\"brz-bg\"><\/div>\n<div class=\"brz-row brz-css-fGgVg brz-css-t4FxY\">\n<div class=\"brz-columns brz-css-oiHAq brz-css-ohpbk\" data-brz-custom-id=\"axqtwehulm\">\n<div class=\"brz-bg\"><\/div>\n<div class=\"brz-column__items brz-css-sI9qq\">\n<div id=\"\" class=\"brz-css-bnFgI brz-wrapper\">\n<div class=\"brz-image brz-css-noLu2\" data-brz-custom-id=\"oskxwqxpov\"><img decoding=\"async\" class=\"brz-img\" src=\"https:\/\/ebeme.fr\/ebeme\/wp-content\/uploads\/brizy\/imgs\/9.3_Allergies-intol\u00e9rances_Myl\u00e8ne-GUILLOT-Magn\u00e9tiseuse-Rebouteuse-Relaxologue-444x296x0x0x444x296x1648544699.jpg\" alt=\"\" loading=\"lazy\"><\/div>\n<\/div>\n<\/div>\n<\/div>\n<div class=\"brz-columns brz-css-oiHAq brz-css-dDb64\" data-brz-custom-id=\"cjkyunogwt\">\n<div class=\"brz-bg\"><\/div>\n<div class=\"brz-column__items brz-css-sI9qq\">\n<div id=\"\" class=\"brz-css-bnFgI brz-wrapper\">\n<div class=\"brz-rich-text brz-rich-text__custom brz-css-mm2UV\" data-brz-custom-id=\"agbpchwakz\">\n<div data-brz-translate-text=\"1\">\n<p class=\"brz-tp-heading3 brz-css-yO8rc\"><span class=\"brz-cp-color2\">Un outil simple<\/span><\/p>\n<\/div>\n<\/div>\n<\/div>\n<div id=\"\" class=\"brz-css-bnFgI brz-wrapper\">\n<div class=\"brz-rich-text brz-rich-text__custom brz-css-mm2UV\" data-brz-custom-id=\"mzwvvqcxpv\">\n<div data-brz-translate-text=\"1\">\n<p class=\"brz-ff-montserrat brz-fw-lg-300 brz-fw-sm-300 brz-fw-xs-300 brz-css-e6r_i\" data-uniq-id=\"gRRSY\" data-generated-css=\"brz-css-xIVmF\">Un&nbsp;<strong>test de tonus musculaire<\/strong> permet d&rsquo;identifier la ou les substances allerg\u00e8nes.<\/p>\n<p class=\"brz-ff-montserrat brz-fw-lg-300 brz-fw-sm-300 brz-fw-xs-300 brz-css-iKmpl\" data-uniq-id=\"sEYZ_\" data-generated-css=\"brz-css-jE0o0\">&nbsp;<\/p>\n<p class=\"brz-ff-montserrat brz-fw-lg-300 brz-fw-sm-300 brz-fw-xs-300 brz-css-tCQ9E\" data-uniq-id=\"fmJ4d\" data-generated-css=\"brz-css-vxFMh\">Puis, une pratique par&nbsp;<strong>acupression<\/strong> stimule des points sp\u00e9cifiques du corps.<\/p>\n<p class=\"brz-ff-montserrat brz-fw-lg-300 brz-fw-sm-300 brz-fw-xs-300 brz-css-gCYja\" data-uniq-id=\"xDynj\" data-generated-css=\"brz-css-fHEOl\">&nbsp;<\/p>\n<p class=\"brz-ff-montserrat brz-fw-lg-300 brz-fw-sm-300 brz-fw-xs-300 brz-css-fqv_j\" data-uniq-id=\"e2iGJ\" data-generated-css=\"brz-css-qIs72\">Apr\u00e8s la s\u00e9ance, une&nbsp;<strong>p\u00e9riode d&rsquo;\u00e9viction<\/strong> de la substance allerg\u00e8ne est n\u00e9cessaire pour permettre l&rsquo;\u00e9limination des toxines li\u00e9es \u00e0 cette substance.<\/p>\n<p class=\"brz-ff-montserrat brz-fw-lg-300 brz-fw-sm-300 brz-fw-xs-300 brz-css-nZlOG\" data-uniq-id=\"cylQW\" data-generated-css=\"brz-css-eTpMk\">&nbsp;<\/p>\n<p class=\"brz-ff-montserrat brz-fw-lg-300 brz-fw-sm-300 brz-fw-xs-300 brz-css-yY_AR\" data-uniq-id=\"n9e9R\" data-generated-css=\"brz-css-pnx3j\">Cette m\u00e9thode permet aussi de d\u00e9celer des blocages psychologiques \u00e0 l&rsquo;origine d&rsquo;allergies (m\u00e9moires \u00e9motionnelles n\u00e9gatives, chocs, traumatismes&#8230;) et de les d\u00e9nouer.&nbsp;&nbsp;&nbsp;<\/p>\n<p class=\"brz-ff-montserrat brz-fw-lg-300 brz-fw-sm-300 brz-fw-xs-300 brz-css-pdprY\" data-uniq-id=\"orPKp\" data-generated-css=\"brz-css-wdEzF\">&nbsp;&nbsp;<\/p>\n<\/div>\n<\/div>\n<\/div>\n<\/div>\n<\/div>\n<\/div>\n<\/div>\n<div class=\"brz-row__container brz-css-irTJo\" data-brz-custom-id=\"jurejezehi\">\n<div class=\"brz-bg\"><\/div>\n<div class=\"brz-row brz-css-fGgVg brz-css-t4FxY\">\n<div class=\"brz-columns brz-css-oiHAq brz-css-bG0hc\" data-brz-custom-id=\"rnpaabsutu\">\n<div class=\"brz-bg\"><\/div>\n<div class=\"brz-column__items brz-css-sI9qq\">\n<div id=\"\" class=\"brz-css-bnFgI brz-wrapper\">\n<div class=\"brz-rich-text brz-rich-text__custom brz-css-mm2UV\" data-brz-custom-id=\"ffcmqtnkud\">\n<div data-brz-translate-text=\"1\">\n<p class=\"brz-tp-heading3 brz-css-oZ1qb\"><span class=\"brz-cp-color2\">Un travail de terrain&nbsp;<\/span><\/p>\n<\/div>\n<\/div>\n<\/div>\n<div id=\"\" class=\"brz-css-bnFgI brz-wrapper\">\n<div class=\"brz-rich-text brz-rich-text__custom brz-css-mm2UV\" data-brz-custom-id=\"ixxxrlyhvs\">\n<div data-brz-translate-text=\"1\">\n<p class=\"brz-ff-montserrat brz-fw-lg-300 brz-fw-sm-300 brz-fw-xs-300 brz-css-hbJCM\" data-uniq-id=\"lctYH\" data-generated-css=\"brz-css-hvB9t\">La d\u00e9marche prend en compte le terrain pour aider l&rsquo;organisme \u00e0 maintenir son \u00e9quilibre et ainsi limiter les troubles allergiques.&nbsp;<\/p>\n<\/div>\n<\/div>\n<\/div>\n<div id=\"\" class=\"brz-css-bnFgI brz-wrapper\">\n<div class=\"brz-rich-text brz-rich-text__custom brz-css-mm2UV\" data-brz-custom-id=\"nutkligtjt\">\n<div data-brz-translate-text=\"1\">\n<p class=\"brz-ff-montserrat brz-fw-lg-300 brz-fw-sm-im-300 brz-fw-xs-im-300 brz-css-oxrJw\">Le terrain est une notion fondamentale qui repose sur une association de facteurs (g\u00e9n\u00e9tique, alimentaire, hygi\u00e8ne de vie, environnement) influen\u00e7ant l&rsquo;harmonie de l&rsquo;\u00eatre au niveau organique ou psychique.&nbsp;<\/p>\n<p class=\"brz-ff-montserrat brz-fw-lg-300 brz-fw-sm-im-300 brz-fw-xs-im-300 brz-css-s5TcJ\">&nbsp;<\/p>\n<p class=\"brz-ff-montserrat brz-fw-lg-300 brz-fw-sm-im-300 brz-fw-xs-im-300 brz-css-v23zq\">C&rsquo;est l&rsquo;\u00e9tat de l&rsquo;individu \u00e0 un moment pr\u00e9cis, d\u00e9fini par son \u00e9quilibre physique, physiologique, mental, \u00e9motionnel.<\/p>\n<\/div>\n<\/div>\n<\/div>\n<\/div>\n<\/div>\n<div class=\"brz-columns brz-css-oiHAq brz-css-mOukc\" data-brz-custom-id=\"pixzwrextc\">\n<div class=\"brz-bg\"><\/div>\n<div class=\"brz-column__items brz-css-sI9qq\">\n<div id=\"\" class=\"brz-css-bnFgI brz-wrapper\">\n<div class=\"brz-image brz-css-zhQQj\" data-brz-custom-id=\"keceyjokit\"><img decoding=\"async\" class=\"brz-img\" src=\"https:\/\/ebeme.fr\/ebeme\/wp-content\/uploads\/brizy\/imgs\/9.4_Allergies_Myl\u00e8ne-GUILLOT-Magn\u00e9tiseuse-Rebouteuse-Relaxologue-541x361x0x0x541x361x1648544834.jpg\" alt=\"\" loading=\"lazy\"><\/div>\n<\/div>\n<\/div>\n<\/div>\n<\/div>\n<\/div>\n<\/div>\n<\/div>\n<\/section>\n<section id=\"_vqwfydhxdq\" class=\"brz-section brz-css-duI_A\">\n<div class=\"brz-section__content brz-section--boxed brz-css-bYJT1 brz-css-sdxm3\" data-brz-custom-id=\"ljieykvnrt\">\n<div class=\"brz-container brz-css-rZKJq\">\n<div class=\"brz-row__container brz-css-irTJo\" data-brz-custom-id=\"uzgixoxgud\">\n<div class=\"brz-bg\"><\/div>\n<div class=\"brz-row brz-css-fGgVg brz-css-t4FxY\">\n<div class=\"brz-columns brz-css-oiHAq brz-css-vBFr8\" data-brz-custom-id=\"zqcuyxrbft\">\n<div class=\"brz-bg\"><\/div>\n<div class=\"brz-column__items brz-css-sI9qq brz-css-iN8Na\">\n<div class=\"brz-row__container brz-css-irTJo\" data-brz-custom-id=\"ugjgtfirag\">\n<div class=\"brz-bg\"><\/div>\n<div class=\"brz-row brz-row--inner brz-css-fGgVg brz-css-t4FxY\">\n<div class=\"brz-columns brz-css-oiHAq brz-css-o9n8Z\" data-brz-custom-id=\"vctbpxkrlh\">\n<div class=\"brz-bg\"><\/div>\n<div class=\"brz-column__items brz-css-sI9qq\">\n<div id=\"\" class=\"brz-css-bnFgI brz-wrapper\">\n<div class=\"brz-rich-text brz-rich-text__custom brz-css-mm2UV\" data-brz-custom-id=\"zjnzyzsyiz\">\n<div data-brz-translate-text=\"1\">\n<p class=\"brz-text-lg-center brz-tp-lg-heading3 brz-css-bcRSz\" data-uniq-id=\"qdOSp\" data-generated-css=\"brz-css-mPzhG\"><span class=\"brz-cp-color2\">Une&nbsp;<\/span><a class=\"link--external brz-cp-color3\" href=\"https:\/\/youtu.be\/6xezjcxe3gs\" data-brz-link-type=\"external\">m\u00e9thode<\/a><span class=\"brz-cp-color2\"> toute en douceur&nbsp;<\/span><\/p>\n<\/div>\n<\/div>\n<\/div>\n<\/div>\n<\/div>\n<\/div>\n<\/div>\n<\/div>\n<\/div>\n<\/div>\n<\/div>\n<\/div>\n<\/div>\n<\/section>\n<\/div>\n<p>    <!-- version:1736529807 --><\/p>\n","protected":false},"excerpt":{"rendered":"<p>Un outil simple Un&nbsp;test de tonus musculaire permet d&rsquo;identifier la ou les substances allerg\u00e8nes. &nbsp; Puis, une pratique par&nbsp;acupression stimule des points sp\u00e9cifiques du corps. &nbsp; Apr\u00e8s la s\u00e9ance, une&nbsp;p\u00e9riode d&rsquo;\u00e9viction de la substance allerg\u00e8ne est n\u00e9cessaire pour permettre l&rsquo;\u00e9limination des toxines li\u00e9es \u00e0 cette substance. &nbsp; Cette m\u00e9thode permet aussi de d\u00e9celer des blocages<span class=\"post-excerpt-end\">&hellip;<\/span><\/p>\n<p class=\"more-link\"><a href=\"https:\/\/ebeme.fr\/ebeme\/en-pratique-bba\/\" class=\"themebutton\">Read More<\/a><\/p>\n","protected":false},"author":1,"featured_media":0,"parent":0,"menu_order":0,"comment_status":"closed","ping_status":"closed","template":"","meta":{"_exactmetrics_skip_tracking":false,"_exactmetrics_sitenote_active":false,"_exactmetrics_sitenote_note":"","_exactmetrics_sitenote_category":0,"footnotes":""},"class_list":["post-8110","page","type-page","status-publish","hentry"],"yoast_head":"<!-- This site is optimized with the Yoast SEO plugin v26.9 - https:\/\/yoast.com\/product\/yoast-seo-wordpress\/ -->\n<title>En pratique - Allergies - Myl\u00e8ne GUILLOT - Magn\u00e9tiseuse Rebouteuse Relaxologue Energ\u00e9ticienne spirituelle<\/title>\n<meta name=\"description\" content=\"La relaxation par l\u2019approche corporelle am\u00e8ne la d\u00e9tente du corps et l\u2019apaisement du mental, et ainsi le l\u00e2cher prise.\" \/>\n<meta name=\"robots\" content=\"index, follow, max-snippet:-1, max-image-preview:large, max-video-preview:-1\" \/>\n<link rel=\"canonical\" href=\"https:\/\/ebeme.fr\/ebeme\/en-pratique-bba\/\" \/>\n<meta property=\"og:locale\" content=\"fr_FR\" \/>\n<meta property=\"og:type\" content=\"article\" \/>\n<meta property=\"og:title\" content=\"En pratique - Allergies - Myl\u00e8ne GUILLOT - Magn\u00e9tiseuse Rebouteuse Relaxologue Energ\u00e9ticienne spirituelle\" \/>\n<meta property=\"og:description\" content=\"La relaxation par l\u2019approche corporelle am\u00e8ne la d\u00e9tente du corps et l\u2019apaisement du mental, et ainsi le l\u00e2cher prise.\" \/>\n<meta property=\"og:url\" content=\"https:\/\/ebeme.fr\/ebeme\/en-pratique-bba\/\" \/>\n<meta property=\"og:site_name\" content=\"Myl\u00e8ne GUILLOT - Magn\u00e9tiseuse Rebouteuse Relaxologue Energ\u00e9ticienne spirituelle\" \/>\n<meta property=\"article:publisher\" content=\"https:\/\/www.facebook.com\/mylene.guillot.ebeme\" \/>\n<meta property=\"article:modified_time\" content=\"2026-01-09T09:34:12+00:00\" \/>\n<meta name=\"twitter:card\" content=\"summary_large_image\" \/>\n<meta name=\"twitter:label1\" content=\"Dur\u00e9e de lecture estim\u00e9e\" \/>\n\t<meta name=\"twitter:data1\" content=\"2 minutes\" \/>\n<script type=\"application\/ld+json\" class=\"yoast-schema-graph\">{\"@context\":\"https:\/\/schema.org\",\"@graph\":[{\"@type\":\"WebPage\",\"@id\":\"https:\/\/ebeme.fr\/ebeme\/en-pratique-bba\/\",\"url\":\"https:\/\/ebeme.fr\/ebeme\/en-pratique-bba\/\",\"name\":\"En pratique - Allergies - Myl\u00e8ne GUILLOT - Magn\u00e9tiseuse Rebouteuse Relaxologue Energ\u00e9ticienne spirituelle\",\"isPartOf\":{\"@id\":\"https:\/\/ebeme.fr\/ebeme\/#website\"},\"datePublished\":\"2022-03-29T06:42:44+00:00\",\"dateModified\":\"2026-01-09T09:34:12+00:00\",\"description\":\"La relaxation par l\u2019approche corporelle am\u00e8ne la d\u00e9tente du corps et l\u2019apaisement du mental, et ainsi le l\u00e2cher prise.\",\"breadcrumb\":{\"@id\":\"https:\/\/ebeme.fr\/ebeme\/en-pratique-bba\/#breadcrumb\"},\"inLanguage\":\"fr-FR\",\"potentialAction\":[{\"@type\":\"ReadAction\",\"target\":[\"https:\/\/ebeme.fr\/ebeme\/en-pratique-bba\/\"]}]},{\"@type\":\"BreadcrumbList\",\"@id\":\"https:\/\/ebeme.fr\/ebeme\/en-pratique-bba\/#breadcrumb\",\"itemListElement\":[{\"@type\":\"ListItem\",\"position\":1,\"name\":\"Home\",\"item\":\"https:\/\/ebeme.fr\/ebeme\/\"},{\"@type\":\"ListItem\",\"position\":2,\"name\":\"En pratique BBA\"}]},{\"@type\":\"WebSite\",\"@id\":\"https:\/\/ebeme.fr\/ebeme\/#website\",\"url\":\"https:\/\/ebeme.fr\/ebeme\/\",\"name\":\"Myl\u00e8ne GUILLOT - Magn\u00e9tiseuse Rebouteuse Relaxologue\",\"description\":\"EBEME Energie du Bien \u00catre pour Mieux \u00catre\",\"publisher\":{\"@id\":\"https:\/\/ebeme.fr\/ebeme\/#organization\"},\"potentialAction\":[{\"@type\":\"SearchAction\",\"target\":{\"@type\":\"EntryPoint\",\"urlTemplate\":\"https:\/\/ebeme.fr\/ebeme\/?s={search_term_string}\"},\"query-input\":{\"@type\":\"PropertyValueSpecification\",\"valueRequired\":true,\"valueName\":\"search_term_string\"}}],\"inLanguage\":\"fr-FR\"},{\"@type\":\"Organization\",\"@id\":\"https:\/\/ebeme.fr\/ebeme\/#organization\",\"name\":\"Myl\u00e8ne GUILLOT - Magn\u00e9tiseuse Rebouteuse Relaxologue\",\"url\":\"https:\/\/ebeme.fr\/ebeme\/\",\"logo\":{\"@type\":\"ImageObject\",\"inLanguage\":\"fr-FR\",\"@id\":\"https:\/\/ebeme.fr\/ebeme\/#\/schema\/logo\/image\/\",\"url\":\"https:\/\/ebeme.fr\/ebeme\/wp-content\/uploads\/2024\/12\/cropped-Logo_1_Mylene-GUILLOT_Magnetiseuse-Rebouteuse-Relaxologue-Energeticienne-spirituelle-1.jpg\",\"contentUrl\":\"https:\/\/ebeme.fr\/ebeme\/wp-content\/uploads\/2024\/12\/cropped-Logo_1_Mylene-GUILLOT_Magnetiseuse-Rebouteuse-Relaxologue-Energeticienne-spirituelle-1.jpg\",\"width\":416,\"height\":122,\"caption\":\"Myl\u00e8ne GUILLOT - Magn\u00e9tiseuse Rebouteuse Relaxologue\"},\"image\":{\"@id\":\"https:\/\/ebeme.fr\/ebeme\/#\/schema\/logo\/image\/\"},\"sameAs\":[\"https:\/\/www.facebook.com\/mylene.guillot.ebeme\"]}]}<\/script>\n<!-- \/ Yoast SEO plugin. -->","yoast_head_json":{"title":"En pratique - Allergies - Myl\u00e8ne GUILLOT - Magn\u00e9tiseuse Rebouteuse Relaxologue Energ\u00e9ticienne spirituelle","description":"La relaxation par l\u2019approche corporelle am\u00e8ne la d\u00e9tente du corps et l\u2019apaisement du mental, et ainsi le l\u00e2cher prise.","robots":{"index":"index","follow":"follow","max-snippet":"max-snippet:-1","max-image-preview":"max-image-preview:large","max-video-preview":"max-video-preview:-1"},"canonical":"https:\/\/ebeme.fr\/ebeme\/en-pratique-bba\/","og_locale":"fr_FR","og_type":"article","og_title":"En pratique - Allergies - Myl\u00e8ne GUILLOT - Magn\u00e9tiseuse Rebouteuse Relaxologue Energ\u00e9ticienne spirituelle","og_description":"La relaxation par l\u2019approche corporelle am\u00e8ne la d\u00e9tente du corps et l\u2019apaisement du mental, et ainsi le l\u00e2cher prise.","og_url":"https:\/\/ebeme.fr\/ebeme\/en-pratique-bba\/","og_site_name":"Myl\u00e8ne GUILLOT - Magn\u00e9tiseuse Rebouteuse Relaxologue Energ\u00e9ticienne spirituelle","article_publisher":"https:\/\/www.facebook.com\/mylene.guillot.ebeme","article_modified_time":"2026-01-09T09:34:12+00:00","twitter_card":"summary_large_image","twitter_misc":{"Dur\u00e9e de lecture estim\u00e9e":"2 minutes"},"schema":{"@context":"https:\/\/schema.org","@graph":[{"@type":"WebPage","@id":"https:\/\/ebeme.fr\/ebeme\/en-pratique-bba\/","url":"https:\/\/ebeme.fr\/ebeme\/en-pratique-bba\/","name":"En pratique - Allergies - Myl\u00e8ne GUILLOT - Magn\u00e9tiseuse Rebouteuse Relaxologue Energ\u00e9ticienne spirituelle","isPartOf":{"@id":"https:\/\/ebeme.fr\/ebeme\/#website"},"datePublished":"2022-03-29T06:42:44+00:00","dateModified":"2026-01-09T09:34:12+00:00","description":"La relaxation par l\u2019approche corporelle am\u00e8ne la d\u00e9tente du corps et l\u2019apaisement du mental, et ainsi le l\u00e2cher prise.","breadcrumb":{"@id":"https:\/\/ebeme.fr\/ebeme\/en-pratique-bba\/#breadcrumb"},"inLanguage":"fr-FR","potentialAction":[{"@type":"ReadAction","target":["https:\/\/ebeme.fr\/ebeme\/en-pratique-bba\/"]}]},{"@type":"BreadcrumbList","@id":"https:\/\/ebeme.fr\/ebeme\/en-pratique-bba\/#breadcrumb","itemListElement":[{"@type":"ListItem","position":1,"name":"Home","item":"https:\/\/ebeme.fr\/ebeme\/"},{"@type":"ListItem","position":2,"name":"En pratique BBA"}]},{"@type":"WebSite","@id":"https:\/\/ebeme.fr\/ebeme\/#website","url":"https:\/\/ebeme.fr\/ebeme\/","name":"Myl\u00e8ne GUILLOT - Magn\u00e9tiseuse Rebouteuse Relaxologue","description":"EBEME Energie du Bien \u00catre pour Mieux \u00catre","publisher":{"@id":"https:\/\/ebeme.fr\/ebeme\/#organization"},"potentialAction":[{"@type":"SearchAction","target":{"@type":"EntryPoint","urlTemplate":"https:\/\/ebeme.fr\/ebeme\/?s={search_term_string}"},"query-input":{"@type":"PropertyValueSpecification","valueRequired":true,"valueName":"search_term_string"}}],"inLanguage":"fr-FR"},{"@type":"Organization","@id":"https:\/\/ebeme.fr\/ebeme\/#organization","name":"Myl\u00e8ne GUILLOT - Magn\u00e9tiseuse Rebouteuse Relaxologue","url":"https:\/\/ebeme.fr\/ebeme\/","logo":{"@type":"ImageObject","inLanguage":"fr-FR","@id":"https:\/\/ebeme.fr\/ebeme\/#\/schema\/logo\/image\/","url":"https:\/\/ebeme.fr\/ebeme\/wp-content\/uploads\/2024\/12\/cropped-Logo_1_Mylene-GUILLOT_Magnetiseuse-Rebouteuse-Relaxologue-Energeticienne-spirituelle-1.jpg","contentUrl":"https:\/\/ebeme.fr\/ebeme\/wp-content\/uploads\/2024\/12\/cropped-Logo_1_Mylene-GUILLOT_Magnetiseuse-Rebouteuse-Relaxologue-Energeticienne-spirituelle-1.jpg","width":416,"height":122,"caption":"Myl\u00e8ne GUILLOT - Magn\u00e9tiseuse Rebouteuse Relaxologue"},"image":{"@id":"https:\/\/ebeme.fr\/ebeme\/#\/schema\/logo\/image\/"},"sameAs":["https:\/\/www.facebook.com\/mylene.guillot.ebeme"]}]}},"brizy_media":[{"id":3395,"url":"https:\/\/ebeme.fr\/ebeme\/wp-content\/uploads\/2019\/12\/5.1.1_Pratique-du-Magn\u00e9tisme_Reboutement-EBEME.jpg","name":"5.1.1_Pratique-du-Magn\u00e9tisme_Reboutement-EBEME.jpg","meta":{"brizy_attachment_uid":"wp-9930dcd3c98135bd4dd4256f501727aa","brizy_post_uid":["edaa310d532dfba9573270d39be83a74"]}},{"id":3396,"url":"https:\/\/ebeme.fr\/ebeme\/wp-content\/uploads\/2019\/12\/5.1.2_Pratique-du-magn\u00e9tisme-reboutement-EBEME.jpg","name":"5.1.2_Pratique-du-magn\u00e9tisme-reboutement-EBEME.jpg","meta":{"brizy_attachment_uid":"wp-94bb6da4be7ac3ce6c3ae42b6f91a5a3","brizy_post_uid":["edaa310d532dfba9573270d39be83a74"]}},{"id":3399,"url":"https:\/\/ebeme.fr\/ebeme\/wp-content\/uploads\/2019\/12\/4.1.1_Pratique-de-la-relaxologie-de-Pleine-conscience-EBEME.jpg","name":"4.1.1_Pratique-de-la-relaxologie-de-Pleine-conscience-EBEME.jpg","meta":{"brizy_attachment_uid":"wp-d7afd3ed0f2f924ddc0a637d48d0d3d9","brizy_post_uid":["edaa310d532dfba9573270d39be83a74"]}},{"id":3400,"url":"https:\/\/ebeme.fr\/ebeme\/wp-content\/uploads\/2019\/12\/4.1.2_Pratique-de-la-relaxologie-de-Pleine-conscience-EBEME.jpg","name":"4.1.2_Pratique-de-la-relaxologie-de-Pleine-conscience-EBEME.jpg","meta":{"brizy_attachment_uid":"wp-b55a03a22f6fc5ec206aef2da6d9a027","brizy_post_uid":["edaa310d532dfba9573270d39be83a74"]}},{"id":3437,"url":"https:\/\/ebeme.fr\/ebeme\/wp-content\/uploads\/2019\/12\/5.2.1_Origines-du-Magn\u00e9tisme-Reboutement-EBEME.jpg","name":"5.2.1_Origines-du-Magn\u00e9tisme-Reboutement-EBEME.jpg","meta":{"brizy_attachment_uid":"wp-b2957f0b9931e3482e1c4bad4b811f18","brizy_post_uid":["edaa310d532dfba9573270d39be83a74"]}},{"id":3438,"url":"https:\/\/ebeme.fr\/ebeme\/wp-content\/uploads\/2019\/12\/5.2.2_Origines-du-Magn\u00e9tisme-Reboutement-EBEME.png","name":"5.2.2_Origines-du-Magn\u00e9tisme-Reboutement-EBEME.png","meta":{"brizy_attachment_uid":"wp-380a595569f3bd3b08018434c27fabb0","brizy_post_uid":["edaa310d532dfba9573270d39be83a74"]}},{"id":7384,"url":"https:\/\/ebeme.fr\/ebeme\/wp-content\/uploads\/2021\/12\/Rescue_Fleur-de-Bach_Myl\u00e8ne-GUILLOT-Magn\u00e9tiseuse-Rebouteuse-Relaxologue.jpg","name":"Rescue_Fleur-de-Bach_Myl\u00e8ne-GUILLOT-Magn\u00e9tiseuse-Rebouteuse-Relaxologue.jpg","meta":{"brizy_attachment_uid":"wp-88cb16173cd2334592c12b644b3ccf06","brizy_post_uid":["edaa310d532dfba9573270d39be83a74"]}},{"id":7385,"url":"https:\/\/ebeme.fr\/ebeme\/wp-content\/uploads\/2021\/12\/Moutarde_Fleur-de-Bach_Myl\u00e8ne-GUILLOT-Magn\u00e9tiseuse-Rebouteuse-Relaxologue.jpg","name":"Moutarde_Fleur-de-Bach_Myl\u00e8ne-GUILLOT-Magn\u00e9tiseuse-Rebouteuse-Relaxologue.jpg","meta":{"brizy_attachment_uid":"wp-8cc16f70c6300b0a72c839215e4ba5cd","brizy_post_uid":["edaa310d532dfba9573270d39be83a74"]}},{"id":7391,"url":"https:\/\/ebeme.fr\/ebeme\/wp-content\/uploads\/2021\/12\/Dr-Bach_Myl\u00e8ne-GUILLOT-Magn\u00e9tiseuse-Rebouteuse-Relaxologue.jpg","name":"Dr-Bach_Myl\u00e8ne-GUILLOT-Magn\u00e9tiseuse-Rebouteuse-Relaxologue.jpg","meta":{"brizy_attachment_uid":"wp-8fd999651c8f952f0bd150e7aa2f14c8","brizy_post_uid":["edaa310d532dfba9573270d39be83a74"]}},{"id":7392,"url":"https:\/\/ebeme.fr\/ebeme\/wp-content\/uploads\/2021\/12\/Centaur\u00e9e_Fleur-de-Bach_Myl\u00e8ne-GUILLOT-Magn\u00e9tiseuse-Rebouteuse-Relaxologue.jpg","name":"Centaur\u00e9e_Fleur-de-Bach_Myl\u00e8ne-GUILLOT-Magn\u00e9tiseuse-Rebouteuse-Relaxologue.jpg","meta":{"brizy_attachment_uid":"wp-52c4336ea111f06a1cb0a15999005e17","brizy_post_uid":["edaa310d532dfba9573270d39be83a74"]}},{"id":8178,"url":"https:\/\/ebeme.fr\/ebeme\/wp-content\/uploads\/2022\/03\/9.3_Allergies-intol\u00e9rances_Myl\u00e8ne-GUILLOT-Magn\u00e9tiseuse-Rebouteuse-Relaxologue.jpg","name":"9.3_Allergies-intol\u00e9rances_Myl\u00e8ne-GUILLOT-Magn\u00e9tiseuse-Rebouteuse-Relaxologue.jpg","meta":{"brizy_attachment_uid":"wp-aa1d81fdba91426182c2b5b2eb0f0c8c","brizy_post_uid":["edaa310d532dfba9573270d39be83a74"]}},{"id":8179,"url":"https:\/\/ebeme.fr\/ebeme\/wp-content\/uploads\/2022\/03\/9.4_Allergies_Myl\u00e8ne-GUILLOT-Magn\u00e9tiseuse-Rebouteuse-Relaxologue.jpg","name":"9.4_Allergies_Myl\u00e8ne-GUILLOT-Magn\u00e9tiseuse-Rebouteuse-Relaxologue.jpg","meta":{"brizy_attachment_uid":"wp-7ce3541373d65df84de39669fb167d8c","brizy_post_uid":["edaa310d532dfba9573270d39be83a74"]}},{"id":9125,"url":"https:\/\/ebeme.fr\/ebeme\/wp-content\/uploads\/2023\/08\/Guidance-spirituelle_En-pratique_Mylene-GUILLOT-Magnetiseuse-Rebouteuse-Relaxologue-Energeticienne.jpg","name":"Guidance-spirituelle_En-pratique_Mylene-GUILLOT-Magnetiseuse-Rebouteuse-Relaxologue-Energeticienne.jpg","meta":{"brizy_attachment_uid":"wp-0fca230d21364769996a9797edac4928","brizy_post_uid":["edaa310d532dfba9573270d39be83a74"]}},{"id":9132,"url":"https:\/\/ebeme.fr\/ebeme\/wp-content\/uploads\/2023\/08\/Guidance-spirituelle_En-pratique_Mylene-GUILLOT_Magnetiseuse-Rebouteuse-Relaxologue-Energeticienne-1.jpg","name":"Guidance-spirituelle_En-pratique_Mylene-GUILLOT_Magnetiseuse-Rebouteuse-Relaxologue-Energeticienne-1.jpg","meta":{"brizy_attachment_uid":"wp-151b6ad4c1248ef0e299cbb8855fd933","brizy_post_uid":["edaa310d532dfba9573270d39be83a74"]}}],"_links":{"self":[{"href":"https:\/\/ebeme.fr\/ebeme\/wp-json\/wp\/v2\/pages\/8110","targetHints":{"allow":["GET"]}}],"collection":[{"href":"https:\/\/ebeme.fr\/ebeme\/wp-json\/wp\/v2\/pages"}],"about":[{"href":"https:\/\/ebeme.fr\/ebeme\/wp-json\/wp\/v2\/types\/page"}],"author":[{"embeddable":true,"href":"https:\/\/ebeme.fr\/ebeme\/wp-json\/wp\/v2\/users\/1"}],"replies":[{"embeddable":true,"href":"https:\/\/ebeme.fr\/ebeme\/wp-json\/wp\/v2\/comments?post=8110"}],"version-history":[{"count":30,"href":"https:\/\/ebeme.fr\/ebeme\/wp-json\/wp\/v2\/pages\/8110\/revisions"}],"predecessor-version":[{"id":11058,"href":"https:\/\/ebeme.fr\/ebeme\/wp-json\/wp\/v2\/pages\/8110\/revisions\/11058"}],"wp:attachment":[{"href":"https:\/\/ebeme.fr\/ebeme\/wp-json\/wp\/v2\/media?parent=8110"}],"curies":[{"name":"wp","href":"https:\/\/api.w.org\/{rel}","templated":true}]}}