{"id":8548,"date":"2022-08-04T17:46:29","date_gmt":"2022-08-04T17:46:29","guid":{"rendered":"https:\/\/ebeme.fr\/ebeme\/?page_id=8548"},"modified":"2026-01-08T11:01:50","modified_gmt":"2026-01-08T11:01:50","slug":"quels-maux","status":"publish","type":"page","link":"https:\/\/ebeme.fr\/ebeme\/quels-maux\/","title":{"rendered":"Quels maux ?"},"content":{"rendered":"<div class=\"brz-root__container brz-reset-all brz\">\n<section id=\"_uemomfscfa\" class=\"brz-section brz-css-jdkBq\">\n<div class=\"brz-section__content brz-section--boxed brz-css-sXboC brz-css-vZwgH\" data-brz-custom-id=\"fyzffhbpry\">\n<div class=\"brz-bg\">\n<div class=\"brz-bg-color\"><\/div>\n<\/div>\n<div class=\"brz-container brz-css-kmUDk\">\n<div id=\"\" class=\"brz-css-cs_kv brz-css-yQnP3 brz-wrapper\">\n<div class=\"brz-rich-text brz-rich-text__custom brz-css-v2mgC\" data-brz-custom-id=\"ynwlpsyzvu\">\n<div data-brz-translate-text=\"1\">\n<h1 class=\"brz-tp-lg-heading3 brz-text-lg-center brz-css-qYTqT\" data-generated-css=\"brz-css-rfLKq\" data-uniq-id=\"rwBQ3\"><span class=\"brz-cp-color2\">Quelle que soit votre probl\u00e9matique,&nbsp;<\/span><\/h1>\n<h1 class=\"brz-tp-lg-heading3 brz-text-lg-center brz-css-iVKKM\" data-generated-css=\"brz-css-uemGS\" data-uniq-id=\"b4kcL\"><span class=\"brz-cp-color2\">n&rsquo;h\u00e9sitez pas \u00e0 me&nbsp;<\/span><a class=\"brz-cp-color3 link--external\" href=\"https:\/\/ebeme.fr\/ebeme\/contact\/\" data-brz-link-type=\"external\">contacter<\/a><span class=\"brz-cp-color2\">&nbsp;<\/span><\/h1>\n<\/div>\n<\/div>\n<\/div>\n<\/div>\n<\/div>\n<\/section>\n<section id=\"_igbhdwispw\" class=\"brz-section brz-css-jdkBq\">\n<div class=\"brz-section__content brz-section--boxed brz-css-sXboC brz-css-l7964\" data-brz-custom-id=\"omtonjvlzg\">\n<div class=\"brz-bg\">\n<div class=\"brz-bg-color\"><\/div>\n<\/div>\n<div class=\"brz-container brz-css-kmUDk brz-css-e2LOH\">\n<div class=\"brz-row__container brz-css-coFMc\" data-brz-custom-id=\"ctangcfdxd\">\n<div class=\"brz-bg\"><\/div>\n<div class=\"brz-row brz-css-vIvOd brz-css-ylQQc\">\n<div class=\"brz-columns brz-css-jZq0v brz-css-qmqmT\" data-brz-custom-id=\"mhkkpgchlo\">\n<div class=\"brz-bg\"><\/div>\n<div class=\"brz-column__items brz-css-zdTv2\">\n<div id=\"\" class=\"brz-css-cs_kv brz-wrapper\">\n<div class=\"brz-rich-text brz-rich-text__custom brz-css-v2mgC\" data-brz-custom-id=\"jgsnrcoeuz\">\n<div data-brz-translate-text=\"1\">\n<p class=\"brz-fs-lg-16 brz-fs-sm-15 brz-fs-xs-15 brz-ls-lg-0 brz-ls-sm-0 brz-ls-xs-0 brz-ff-montserrat brz-fw-lg-300 brz-fw-sm-300 brz-fw-xs-300 brz-lh-lg-1_5 brz-lh-sm-1_4 brz-lh-xs-1_4 brz-css-gqDto\" data-uniq-id=\"uqig7\" data-generated-css=\"brz-css-idT96\"><span class=\"brz-cp-color1\">Troubles de la peau, br\u00fblures, piq\u00fbres, cicatrices &#8230;<\/span><\/p>\n<p class=\"brz-fs-lg-16 brz-fs-sm-15 brz-fs-xs-15 brz-ls-lg-0 brz-ls-sm-0 brz-ls-xs-0 brz-ff-montserrat brz-fw-lg-300 brz-fw-sm-300 brz-fw-xs-300 brz-lh-lg-1_5 brz-lh-sm-1_4 brz-lh-xs-1_4 brz-css-yfiRE\" data-uniq-id=\"uP0c6\" data-generated-css=\"brz-css-giM7h\"><span class=\"brz-cp-color1\">Troubles musculo-squelettiques, maux de dos, de t\u00eate &#8230;<\/span><\/p>\n<p class=\"brz-fs-lg-16 brz-fs-sm-15 brz-fs-xs-15 brz-ls-lg-0 brz-ls-sm-0 brz-ls-xs-0 brz-ff-montserrat brz-fw-lg-300 brz-fw-sm-300 brz-fw-xs-300 brz-lh-lg-1_5 brz-lh-sm-1_4 brz-lh-xs-1_4 brz-css-fPEei\" data-uniq-id=\"mNzAJ\" data-generated-css=\"brz-css-zqH8V\"><span class=\"brz-cp-color1\">Troubles tissulaires : musculaires, tendineux, ligamentaires &#8230;&nbsp;<\/span><\/p>\n<p class=\"brz-fs-lg-16 brz-fs-sm-15 brz-fs-xs-15 brz-ls-lg-0 brz-ls-sm-0 brz-ls-xs-0 brz-ff-montserrat brz-fw-lg-300 brz-fw-sm-300 brz-fw-xs-300 brz-lh-lg-1_5 brz-lh-sm-1_4 brz-lh-xs-1_4 brz-css-pdsRa\" data-uniq-id=\"lB3mU\" data-generated-css=\"brz-css-h8N3U\"><span class=\"brz-cp-color1\">Troubles articulaires : \u00e9paule, genou, poignet &#8230;&nbsp;<\/span><\/p>\n<p class=\"brz-fs-lg-16 brz-fs-sm-15 brz-fs-xs-15 brz-ls-lg-0 brz-ls-sm-0 brz-ls-xs-0 brz-ff-montserrat brz-fw-lg-300 brz-fw-sm-300 brz-fw-xs-300 brz-lh-lg-1_5 brz-lh-sm-1_4 brz-lh-xs-1_4 brz-css-ndade\" data-uniq-id=\"gbYEQ\" data-generated-css=\"brz-css-pZNZD\"><span class=\"brz-cp-color1\">Troubles digestifs, maux de ventre \u2026<\/span><\/p>\n<p class=\"brz-fs-lg-16 brz-fs-sm-15 brz-fs-xs-15 brz-ls-lg-0 brz-ls-sm-0 brz-ls-xs-0 brz-ff-montserrat brz-fw-lg-300 brz-fw-sm-300 brz-fw-xs-300 brz-lh-lg-1_5 brz-lh-sm-1_4 brz-lh-xs-1_4 brz-css-jkMzT\" data-uniq-id=\"zfWUE\" data-generated-css=\"brz-css-jGGit\"><span class=\"brz-cp-color1\">Troubles respiratoires, probl\u00e8mes ORL &#8230;<\/span><\/p>\n<p class=\"brz-fs-lg-16 brz-fs-sm-15 brz-fs-xs-15 brz-ls-lg-0 brz-ls-sm-0 brz-ls-xs-0 brz-ff-montserrat brz-fw-lg-300 brz-fw-sm-300 brz-fw-xs-300 brz-lh-lg-1_5 brz-lh-sm-1_4 brz-lh-xs-1_4 brz-css-rO8iw\" data-uniq-id=\"pzpaF\" data-generated-css=\"brz-css-qb5Ir\"><span class=\"brz-cp-color1\">Troubles du sommeil, difficult\u00e9s d&rsquo;endormissement, r\u00e9veils nocturnes &#8230;<\/span><\/p>\n<p class=\"brz-fs-lg-16 brz-fs-sm-15 brz-fs-xs-15 brz-ls-lg-0 brz-ls-sm-0 brz-ls-xs-0 brz-ff-montserrat brz-fw-lg-300 brz-fw-sm-300 brz-fw-xs-300 brz-lh-lg-1_5 brz-lh-sm-1_4 brz-lh-xs-1_4 brz-css-z4X7q\" data-uniq-id=\"jT_5D\" data-generated-css=\"brz-css-bJ0KQ\"><span class=\"brz-cp-color1\">Troubles anxieux, nerveux, d\u00e9pressifs, addictifs &#8230;&nbsp;<\/span><\/p>\n<p class=\"brz-fs-lg-16 brz-fs-sm-15 brz-fs-xs-15 brz-ls-lg-0 brz-ls-sm-0 brz-ls-xs-0 brz-ff-montserrat brz-fw-lg-300 brz-fw-sm-300 brz-fw-xs-300 brz-lh-lg-1_5 brz-lh-sm-1_4 brz-lh-xs-1_4 brz-css-fwzje\" data-uniq-id=\"kQgiS\" data-generated-css=\"brz-css-oa0WU\"><span class=\"brz-cp-color1\">Troubles gyn\u00e9cologiques, r\u00e8gles douloureuses &#8230;<\/span><\/p>\n<p class=\"brz-fs-lg-16 brz-fs-sm-15 brz-fs-xs-15 brz-ls-lg-0 brz-ls-sm-0 brz-ls-xs-0 brz-ff-montserrat brz-fw-lg-300 brz-fw-sm-300 brz-fw-xs-300 brz-lh-lg-1_5 brz-lh-sm-1_4 brz-lh-xs-1_4 brz-css-n3NVe\" data-uniq-id=\"bhdlA\" data-generated-css=\"brz-css-xm9yI\"><span class=\"brz-cp-color1\">Troubles hormonaux, de la m\u00e9nopause &#8230;<\/span><\/p>\n<p class=\"brz-fs-lg-16 brz-fs-sm-15 brz-fs-xs-15 brz-ls-lg-0 brz-ls-sm-0 brz-ls-xs-0 brz-ff-montserrat brz-fw-lg-300 brz-fw-sm-300 brz-fw-xs-300 brz-lh-lg-1_5 brz-lh-sm-1_4 brz-lh-xs-1_4 brz-css-kDamW\" data-uniq-id=\"cSN3v\" data-generated-css=\"brz-css-zc4DV\"><span class=\"brz-cp-color1\">Troubles urinaires &#8230;<\/span><\/p>\n<p class=\"brz-fs-lg-16 brz-fs-sm-15 brz-fs-xs-15 brz-ls-lg-0 brz-ls-sm-0 brz-ls-xs-0 brz-ff-montserrat brz-fw-lg-300 brz-fw-sm-300 brz-fw-xs-300 brz-lh-lg-1_5 brz-lh-sm-1_4 brz-lh-xs-1_4 brz-css-yGuyM\" data-uniq-id=\"trJVq\" data-generated-css=\"brz-css-tiqIe\"><span class=\"brz-cp-color1\">Troubles immunitaires, allergiques &#8230;<\/span><\/p>\n<p class=\"brz-fs-lg-16 brz-fs-sm-15 brz-fs-xs-15 brz-ls-lg-0 brz-ls-sm-0 brz-ls-xs-0 brz-ff-montserrat brz-fw-lg-300 brz-fw-sm-300 brz-fw-xs-300 brz-lh-lg-1_5 brz-lh-sm-1_4 brz-lh-xs-1_4 brz-css-zbC4A\" data-uniq-id=\"ys8nT\" data-generated-css=\"brz-css-r3bt2\"><span class=\"brz-cp-color1\">Troubles circulatoires, jambes lourdes &#8230;<\/span><\/p>\n<p class=\"brz-fs-lg-16 brz-fs-sm-15 brz-fs-xs-15 brz-ls-lg-0 brz-ls-sm-0 brz-ls-xs-0 brz-ff-montserrat brz-fw-lg-300 brz-fw-sm-300 brz-fw-xs-300 brz-lh-lg-1_5 brz-lh-sm-1_4 brz-lh-xs-1_4 brz-css-jik12\" data-uniq-id=\"qVC9e\" data-generated-css=\"brz-css-iSY9S\"><span class=\"brz-cp-color1\">Troubles psychosomatiques &#8230;&nbsp;<\/span><\/p>\n<p class=\"brz-fs-lg-16 brz-fs-sm-15 brz-fs-xs-15 brz-ls-lg-0 brz-ls-sm-0 brz-ls-xs-0 brz-ff-montserrat brz-fw-lg-300 brz-fw-sm-300 brz-fw-xs-300 brz-lh-lg-1_5 brz-lh-sm-1_4 brz-lh-xs-1_4 brz-css-ku64y\" data-uniq-id=\"rFx_8\" data-generated-css=\"brz-css-c5hGj\"><span class=\"brz-cp-color1\">Troubles li\u00e9s au stress, fatigue, \u00e9puisement, surmenage, manque de confiance en soi, difficult\u00e9s de concentration &#8230;<\/span><\/p>\n<p class=\"brz-fs-lg-16 brz-fs-sm-15 brz-fs-xs-15 brz-ls-lg-0 brz-ls-sm-0 brz-ls-xs-0 brz-ff-montserrat brz-fw-lg-300 brz-fw-sm-300 brz-fw-xs-300 brz-lh-lg-1_5 brz-lh-sm-1_4 brz-lh-xs-1_4 brz-css-gYe26\" data-uniq-id=\"cFBAI\" data-generated-css=\"brz-css-bEEF5\"><span class=\"brz-cp-color1\">Troubles de l\u2019humeur (irritabilit\u00e9, col\u00e8re, tristesse\u2026) \u2026&nbsp;&nbsp;<\/span><\/p>\n<p class=\"brz-fs-lg-16 brz-fs-sm-15 brz-fs-xs-15 brz-ls-lg-0 brz-ls-sm-0 brz-ls-xs-0 brz-ff-montserrat brz-fw-lg-300 brz-fw-sm-300 brz-fw-xs-300 brz-lh-lg-1_5 brz-lh-sm-1_4 brz-lh-xs-1_4 brz-css-xLDCs\" data-uniq-id=\"nriB9\" data-generated-css=\"brz-css-sk_Qb\"><span class=\"brz-cp-color1\">&#8230;<\/span><\/p>\n<p class=\"brz-fs-lg-16 brz-fs-sm-15 brz-fs-xs-15 brz-ls-lg-0 brz-ls-sm-0 brz-ls-xs-0 brz-ff-montserrat brz-fw-lg-300 brz-fw-sm-300 brz-fw-xs-300 brz-lh-lg-1_5 brz-lh-sm-1_4 brz-lh-xs-1_4 brz-css-cYihC\" data-uniq-id=\"wvzwM\" data-generated-css=\"brz-css-fVUq2\"><span class=\"brz-cp-color1\">&nbsp;<\/span><\/p>\n<p class=\"brz-ls-lg-0 brz-ls-sm-0 brz-ls-xs-0 brz-ff-montserrat brz-fw-lg-300 brz-fw-sm-300 brz-fw-xs-300 brz-lh-lg-1_5 brz-lh-sm-1_4 brz-lh-xs-1_4 brz-fs-lg-10 brz-fs-sm-9 brz-fs-xs-9 brz-css-iys7s\" data-uniq-id=\"ad109\" data-generated-css=\"brz-css-pn_9c\"><span class=\"brz-cp-color1\">liste non exhaustive&nbsp;<\/span><\/p>\n<\/div>\n<\/div>\n<\/div>\n<\/div>\n<\/div>\n<div class=\"brz-columns brz-css-jZq0v brz-css-gHMLl\" data-brz-custom-id=\"dkewdoccbt\">\n<div class=\"brz-bg\"><\/div>\n<div class=\"brz-column__items brz-css-zdTv2\">\n<div id=\"\" class=\"brz-css-cs_kv brz-wrapper\">\n<div class=\"brz-image brz-css-rgViF\" data-brz-custom-id=\"iytkkpixqi\"><img decoding=\"async\" class=\"brz-img\" src=\"https:\/\/ebeme.fr\/ebeme\/wp-content\/uploads\/brizy\/imgs\/5.3.1_Bienfaits-du-Magn\u00e9tisme_Reboutement-EBEME-227x340x0x3x227x333x1575624899.jpg\" alt=\"\" loading=\"lazy\"><\/div>\n<\/div>\n<\/div>\n<\/div>\n<\/div>\n<\/div>\n<div id=\"\" class=\"brz-css-cs_kv brz-wrapper\">\n<div class=\"brz-rich-text brz-rich-text__custom brz-css-v2mgC\" data-brz-custom-id=\"kdbwfjfvze\">\n<div data-brz-translate-text=\"1\">\n<p class=\"brz-tp-paragraph brz-css-sV4je\"><span class=\"brz-cp-color7\">&nbsp;<\/span><\/p>\n<\/div>\n<\/div>\n<\/div>\n<div class=\"brz-row__container brz-css-coFMc\" data-brz-custom-id=\"lksdobsfcp\">\n<div class=\"brz-bg\"><\/div>\n<div class=\"brz-row brz-css-vIvOd brz-css-ylQQc\">\n<div class=\"brz-columns brz-css-jZq0v brz-css-b66QP\" data-brz-custom-id=\"fhbtrfkxdg\">\n<div class=\"brz-bg\"><\/div>\n<div class=\"brz-column__items brz-css-zdTv2 brz-css-tCo0R\">\n<div id=\"\" class=\"brz-css-cs_kv brz-wrapper\">\n<div class=\"brz-image brz-css-jtyXF\" data-brz-custom-id=\"pikrjwmwvy\"><img decoding=\"async\" class=\"brz-img\" src=\"https:\/\/ebeme.fr\/ebeme\/wp-content\/uploads\/brizy\/imgs\/5.3.2_Bienfaits-du-Magn\u00e9tisme_Reboutement-EBEME-308x205x16x0x275x205x1575624985.jpg\" alt=\"\" loading=\"lazy\"><\/div>\n<\/div>\n<\/div>\n<\/div>\n<div class=\"brz-columns brz-css-jZq0v brz-css-swt_J\" data-brz-custom-id=\"uqjuxikzgf\">\n<div class=\"brz-bg\">\n<div class=\"brz-bg-color\"><\/div>\n<\/div>\n<div class=\"brz-column__items brz-css-zdTv2 brz-css-fGuUI\">\n<div id=\"\" class=\"brz-css-cs_kv brz-wrapper\">\n<div class=\"brz-rich-text brz-rich-text__custom brz-css-v2mgC\" data-brz-custom-id=\"gkxcvvbgwn\">\n<div data-brz-translate-text=\"1\">\n<h4 class=\"brz-tp-lg-heading3 brz-css-pRPYK\" data-uniq-id=\"iCf4u\" data-generated-css=\"brz-css-g_OQe\"><span class=\"brz-cp-color2\">Une autre fa\u00e7on&nbsp;<\/span><\/h4>\n<h4 class=\"brz-tp-lg-heading3 brz-css-lPPFz\" data-uniq-id=\"lKGse\" data-generated-css=\"brz-css-xROUX\"><span class=\"brz-cp-color2\">de prendre soin de soi&nbsp;<\/span><\/h4>\n<h4 class=\"brz-tp-lg-heading3 brz-css-yQftR\" data-uniq-id=\"yhAjE\" data-generated-css=\"brz-css-k1YlG\"><span class=\"brz-cp-color2\">avec les techniques \u00e9nerg\u00e9tiques naturelles !<\/span><\/h4>\n<\/div>\n<\/div>\n<\/div>\n<\/div>\n<\/div>\n<\/div>\n<\/div>\n<\/div>\n<\/div>\n<\/section>\n<\/div>\n<p>    <!-- version:1736451503 --><\/p>\n","protected":false},"excerpt":{"rendered":"<p>Quelle que soit votre probl\u00e9matique,&nbsp; n&rsquo;h\u00e9sitez pas \u00e0 me&nbsp;contacter&nbsp; Troubles de la peau, br\u00fblures, piq\u00fbres, cicatrices &#8230; Troubles musculo-squelettiques, maux de dos, de t\u00eate &#8230; Troubles tissulaires : musculaires, tendineux, ligamentaires &#8230;&nbsp; Troubles articulaires : \u00e9paule, genou, poignet &#8230;&nbsp; Troubles digestifs, maux de ventre \u2026 Troubles respiratoires, probl\u00e8mes ORL &#8230; Troubles du sommeil, difficult\u00e9s d&rsquo;endormissement,<span class=\"post-excerpt-end\">&hellip;<\/span><\/p>\n<p class=\"more-link\"><a href=\"https:\/\/ebeme.fr\/ebeme\/quels-maux\/\" class=\"themebutton\">Read More<\/a><\/p>\n","protected":false},"author":1,"featured_media":0,"parent":0,"menu_order":0,"comment_status":"closed","ping_status":"closed","template":"","meta":{"_exactmetrics_skip_tracking":false,"_exactmetrics_sitenote_active":false,"_exactmetrics_sitenote_note":"","_exactmetrics_sitenote_category":0,"footnotes":""},"class_list":["post-8548","page","type-page","status-publish","hentry"],"yoast_head":"<!-- This site is optimized with the Yoast SEO plugin v26.9 - https:\/\/yoast.com\/product\/yoast-seo-wordpress\/ -->\n<title>Quels maux ? - Myl\u00e8ne GUILLOT - Magn\u00e9tiseuse Rebouteuse Relaxologue Energ\u00e9ticienne spirituelle<\/title>\n<meta name=\"description\" content=\"Quels maux ? D\u00e9couvrez toutes les possibilit\u00e9s offertes par Myl\u00e8ne GUILLOT Magn\u00e9tiseuse - Rebouteuse - Relaxologue - \u00c9nerg\u00e9ticienne.\" \/>\n<meta name=\"robots\" content=\"index, follow, max-snippet:-1, max-image-preview:large, max-video-preview:-1\" \/>\n<link rel=\"canonical\" href=\"https:\/\/ebeme.fr\/ebeme\/quels-maux\/\" \/>\n<meta property=\"og:locale\" content=\"fr_FR\" \/>\n<meta property=\"og:type\" content=\"article\" \/>\n<meta property=\"og:title\" content=\"Quels maux ? - Myl\u00e8ne GUILLOT - Magn\u00e9tiseuse Rebouteuse Relaxologue Energ\u00e9ticienne spirituelle\" \/>\n<meta property=\"og:description\" content=\"Quels maux ? D\u00e9couvrez toutes les possibilit\u00e9s offertes par Myl\u00e8ne GUILLOT Magn\u00e9tiseuse - Rebouteuse - Relaxologue - \u00c9nerg\u00e9ticienne.\" \/>\n<meta property=\"og:url\" content=\"https:\/\/ebeme.fr\/ebeme\/quels-maux\/\" \/>\n<meta property=\"og:site_name\" content=\"Myl\u00e8ne GUILLOT - Magn\u00e9tiseuse Rebouteuse Relaxologue Energ\u00e9ticienne spirituelle\" \/>\n<meta property=\"article:publisher\" content=\"https:\/\/www.facebook.com\/mylene.guillot.ebeme\" \/>\n<meta property=\"article:modified_time\" content=\"2026-01-08T11:01:50+00:00\" \/>\n<meta name=\"twitter:card\" content=\"summary_large_image\" \/>\n<meta name=\"twitter:label1\" content=\"Dur\u00e9e de lecture estim\u00e9e\" \/>\n\t<meta name=\"twitter:data1\" content=\"1 minute\" \/>\n<script type=\"application\/ld+json\" class=\"yoast-schema-graph\">{\"@context\":\"https:\/\/schema.org\",\"@graph\":[{\"@type\":\"WebPage\",\"@id\":\"https:\/\/ebeme.fr\/ebeme\/quels-maux\/\",\"url\":\"https:\/\/ebeme.fr\/ebeme\/quels-maux\/\",\"name\":\"Quels maux ? - Myl\u00e8ne GUILLOT - Magn\u00e9tiseuse Rebouteuse Relaxologue Energ\u00e9ticienne spirituelle\",\"isPartOf\":{\"@id\":\"https:\/\/ebeme.fr\/ebeme\/#website\"},\"datePublished\":\"2022-08-04T17:46:29+00:00\",\"dateModified\":\"2026-01-08T11:01:50+00:00\",\"description\":\"Quels maux ? D\u00e9couvrez toutes les possibilit\u00e9s offertes par Myl\u00e8ne GUILLOT Magn\u00e9tiseuse - Rebouteuse - Relaxologue - \u00c9nerg\u00e9ticienne.\",\"breadcrumb\":{\"@id\":\"https:\/\/ebeme.fr\/ebeme\/quels-maux\/#breadcrumb\"},\"inLanguage\":\"fr-FR\",\"potentialAction\":[{\"@type\":\"ReadAction\",\"target\":[\"https:\/\/ebeme.fr\/ebeme\/quels-maux\/\"]}]},{\"@type\":\"BreadcrumbList\",\"@id\":\"https:\/\/ebeme.fr\/ebeme\/quels-maux\/#breadcrumb\",\"itemListElement\":[{\"@type\":\"ListItem\",\"position\":1,\"name\":\"Home\",\"item\":\"https:\/\/ebeme.fr\/ebeme\/\"},{\"@type\":\"ListItem\",\"position\":2,\"name\":\"Quels maux ?\"}]},{\"@type\":\"WebSite\",\"@id\":\"https:\/\/ebeme.fr\/ebeme\/#website\",\"url\":\"https:\/\/ebeme.fr\/ebeme\/\",\"name\":\"Myl\u00e8ne GUILLOT - Magn\u00e9tiseuse Rebouteuse Relaxologue\",\"description\":\"EBEME Energie du Bien \u00catre pour Mieux \u00catre\",\"publisher\":{\"@id\":\"https:\/\/ebeme.fr\/ebeme\/#organization\"},\"potentialAction\":[{\"@type\":\"SearchAction\",\"target\":{\"@type\":\"EntryPoint\",\"urlTemplate\":\"https:\/\/ebeme.fr\/ebeme\/?s={search_term_string}\"},\"query-input\":{\"@type\":\"PropertyValueSpecification\",\"valueRequired\":true,\"valueName\":\"search_term_string\"}}],\"inLanguage\":\"fr-FR\"},{\"@type\":\"Organization\",\"@id\":\"https:\/\/ebeme.fr\/ebeme\/#organization\",\"name\":\"Myl\u00e8ne GUILLOT - Magn\u00e9tiseuse Rebouteuse Relaxologue\",\"url\":\"https:\/\/ebeme.fr\/ebeme\/\",\"logo\":{\"@type\":\"ImageObject\",\"inLanguage\":\"fr-FR\",\"@id\":\"https:\/\/ebeme.fr\/ebeme\/#\/schema\/logo\/image\/\",\"url\":\"https:\/\/ebeme.fr\/ebeme\/wp-content\/uploads\/2024\/12\/cropped-Logo_1_Mylene-GUILLOT_Magnetiseuse-Rebouteuse-Relaxologue-Energeticienne-spirituelle-1.jpg\",\"contentUrl\":\"https:\/\/ebeme.fr\/ebeme\/wp-content\/uploads\/2024\/12\/cropped-Logo_1_Mylene-GUILLOT_Magnetiseuse-Rebouteuse-Relaxologue-Energeticienne-spirituelle-1.jpg\",\"width\":416,\"height\":122,\"caption\":\"Myl\u00e8ne GUILLOT - Magn\u00e9tiseuse Rebouteuse Relaxologue\"},\"image\":{\"@id\":\"https:\/\/ebeme.fr\/ebeme\/#\/schema\/logo\/image\/\"},\"sameAs\":[\"https:\/\/www.facebook.com\/mylene.guillot.ebeme\"]}]}<\/script>\n<!-- \/ Yoast SEO plugin. -->","yoast_head_json":{"title":"Quels maux ? - Myl\u00e8ne GUILLOT - Magn\u00e9tiseuse Rebouteuse Relaxologue Energ\u00e9ticienne spirituelle","description":"Quels maux ? D\u00e9couvrez toutes les possibilit\u00e9s offertes par Myl\u00e8ne GUILLOT Magn\u00e9tiseuse - Rebouteuse - Relaxologue - \u00c9nerg\u00e9ticienne.","robots":{"index":"index","follow":"follow","max-snippet":"max-snippet:-1","max-image-preview":"max-image-preview:large","max-video-preview":"max-video-preview:-1"},"canonical":"https:\/\/ebeme.fr\/ebeme\/quels-maux\/","og_locale":"fr_FR","og_type":"article","og_title":"Quels maux ? - Myl\u00e8ne GUILLOT - Magn\u00e9tiseuse Rebouteuse Relaxologue Energ\u00e9ticienne spirituelle","og_description":"Quels maux ? D\u00e9couvrez toutes les possibilit\u00e9s offertes par Myl\u00e8ne GUILLOT Magn\u00e9tiseuse - Rebouteuse - Relaxologue - \u00c9nerg\u00e9ticienne.","og_url":"https:\/\/ebeme.fr\/ebeme\/quels-maux\/","og_site_name":"Myl\u00e8ne GUILLOT - Magn\u00e9tiseuse Rebouteuse Relaxologue Energ\u00e9ticienne spirituelle","article_publisher":"https:\/\/www.facebook.com\/mylene.guillot.ebeme","article_modified_time":"2026-01-08T11:01:50+00:00","twitter_card":"summary_large_image","twitter_misc":{"Dur\u00e9e de lecture estim\u00e9e":"1 minute"},"schema":{"@context":"https:\/\/schema.org","@graph":[{"@type":"WebPage","@id":"https:\/\/ebeme.fr\/ebeme\/quels-maux\/","url":"https:\/\/ebeme.fr\/ebeme\/quels-maux\/","name":"Quels maux ? - Myl\u00e8ne GUILLOT - Magn\u00e9tiseuse Rebouteuse Relaxologue Energ\u00e9ticienne spirituelle","isPartOf":{"@id":"https:\/\/ebeme.fr\/ebeme\/#website"},"datePublished":"2022-08-04T17:46:29+00:00","dateModified":"2026-01-08T11:01:50+00:00","description":"Quels maux ? D\u00e9couvrez toutes les possibilit\u00e9s offertes par Myl\u00e8ne GUILLOT Magn\u00e9tiseuse - Rebouteuse - Relaxologue - \u00c9nerg\u00e9ticienne.","breadcrumb":{"@id":"https:\/\/ebeme.fr\/ebeme\/quels-maux\/#breadcrumb"},"inLanguage":"fr-FR","potentialAction":[{"@type":"ReadAction","target":["https:\/\/ebeme.fr\/ebeme\/quels-maux\/"]}]},{"@type":"BreadcrumbList","@id":"https:\/\/ebeme.fr\/ebeme\/quels-maux\/#breadcrumb","itemListElement":[{"@type":"ListItem","position":1,"name":"Home","item":"https:\/\/ebeme.fr\/ebeme\/"},{"@type":"ListItem","position":2,"name":"Quels maux ?"}]},{"@type":"WebSite","@id":"https:\/\/ebeme.fr\/ebeme\/#website","url":"https:\/\/ebeme.fr\/ebeme\/","name":"Myl\u00e8ne GUILLOT - Magn\u00e9tiseuse Rebouteuse Relaxologue","description":"EBEME Energie du Bien \u00catre pour Mieux \u00catre","publisher":{"@id":"https:\/\/ebeme.fr\/ebeme\/#organization"},"potentialAction":[{"@type":"SearchAction","target":{"@type":"EntryPoint","urlTemplate":"https:\/\/ebeme.fr\/ebeme\/?s={search_term_string}"},"query-input":{"@type":"PropertyValueSpecification","valueRequired":true,"valueName":"search_term_string"}}],"inLanguage":"fr-FR"},{"@type":"Organization","@id":"https:\/\/ebeme.fr\/ebeme\/#organization","name":"Myl\u00e8ne GUILLOT - Magn\u00e9tiseuse Rebouteuse Relaxologue","url":"https:\/\/ebeme.fr\/ebeme\/","logo":{"@type":"ImageObject","inLanguage":"fr-FR","@id":"https:\/\/ebeme.fr\/ebeme\/#\/schema\/logo\/image\/","url":"https:\/\/ebeme.fr\/ebeme\/wp-content\/uploads\/2024\/12\/cropped-Logo_1_Mylene-GUILLOT_Magnetiseuse-Rebouteuse-Relaxologue-Energeticienne-spirituelle-1.jpg","contentUrl":"https:\/\/ebeme.fr\/ebeme\/wp-content\/uploads\/2024\/12\/cropped-Logo_1_Mylene-GUILLOT_Magnetiseuse-Rebouteuse-Relaxologue-Energeticienne-spirituelle-1.jpg","width":416,"height":122,"caption":"Myl\u00e8ne GUILLOT - Magn\u00e9tiseuse Rebouteuse Relaxologue"},"image":{"@id":"https:\/\/ebeme.fr\/ebeme\/#\/schema\/logo\/image\/"},"sameAs":["https:\/\/www.facebook.com\/mylene.guillot.ebeme"]}]}},"brizy_media":[{"id":3351,"url":"https:\/\/ebeme.fr\/ebeme\/wp-content\/uploads\/2019\/12\/4.3.1_Bienfaits-de-la-Relaxologie-de-Pleine-conscience-EBEME.jpg","name":"4.3.1_Bienfaits-de-la-Relaxologie-de-Pleine-conscience-EBEME.jpg","meta":{"brizy_attachment_uid":"wp-42adad2155f9c177b0a1839f5e1b676c","brizy_post_uid":["1a1258c6e48edfee21d29a15e260df67"]}},{"id":3352,"url":"https:\/\/ebeme.fr\/ebeme\/wp-content\/uploads\/2019\/12\/4.3.2_Bienfaits-de-la-Relaxologie-de-Pleine-conscience-EBEME.jpg","name":"4.3.2_Bienfaits-de-la-Relaxologie-de-Pleine-conscience-EBEME.jpg","meta":{"brizy_attachment_uid":"wp-65d96aacd50d09035d6b1c696191b944","brizy_post_uid":["1a1258c6e48edfee21d29a15e260df67"]}},{"id":3354,"url":"https:\/\/ebeme.fr\/ebeme\/wp-content\/uploads\/2019\/12\/5.3.1_Bienfaits-du-Magn\u00e9tisme_Reboutement-EBEME.jpg","name":"5.3.1_Bienfaits-du-Magn\u00e9tisme_Reboutement-EBEME.jpg","meta":{"brizy_attachment_uid":"wp-94ceb583eb0c3b427bfacc27fb910003","brizy_post_uid":["1a1258c6e48edfee21d29a15e260df67","92e71d2b398590b61076ee3cb101a525"]}},{"id":3355,"url":"https:\/\/ebeme.fr\/ebeme\/wp-content\/uploads\/2019\/12\/5.3.2_Bienfaits-du-Magn\u00e9tisme_Reboutement-EBEME.jpg","name":"5.3.2_Bienfaits-du-Magn\u00e9tisme_Reboutement-EBEME.jpg","meta":{"brizy_attachment_uid":"wp-7ee88c00e3e19e9ea8a3113edee06f0e","brizy_post_uid":["1a1258c6e48edfee21d29a15e260df67"]}},{"id":7377,"url":"https:\/\/ebeme.fr\/ebeme\/wp-content\/uploads\/2021\/12\/Olivier_Fleur-de-Bach_Myl\u00e8ne-GUILLOT-Magn\u00e9tiseuse-Rebouteuse-Relaxologue.jpg","name":"Olivier_Fleur-de-Bach_Myl\u00e8ne-GUILLOT-Magn\u00e9tiseuse-Rebouteuse-Relaxologue.jpg","meta":{"brizy_attachment_uid":"wp-00e4e691f0807105f83311eb516fbf06","brizy_post_uid":["1a1258c6e48edfee21d29a15e260df67"]}},{"id":7378,"url":"https:\/\/ebeme.fr\/ebeme\/wp-content\/uploads\/2021\/12\/Houx_Fleur-de-Bach_Myl\u00e8ne-GUILLOT-Magn\u00e9tiseuse-Rebouteuse-Relaxologue.jpg","name":"Houx_Fleur-de-Bach_Myl\u00e8ne-GUILLOT-Magn\u00e9tiseuse-Rebouteuse-Relaxologue.jpg","meta":{"brizy_attachment_uid":"wp-f34271e5d24a3777ba17c30498dd35e1","brizy_post_uid":["1a1258c6e48edfee21d29a15e260df67"]}},{"id":7379,"url":"https:\/\/ebeme.fr\/ebeme\/wp-content\/uploads\/2021\/12\/Ch\u00e8vrefeuille_Fleur-de-Bach_Myl\u00e8ne-GUILLOT-Magn\u00e9tiseuse-Rebouteuse-Relaxologue.jpg","name":"Ch\u00e8vrefeuille_Fleur-de-Bach_Myl\u00e8ne-GUILLOT-Magn\u00e9tiseuse-Rebouteuse-Relaxologue.jpg","meta":{"brizy_attachment_uid":"wp-9eda9ea5db5fddd4405e48793aad1d16","brizy_post_uid":["1a1258c6e48edfee21d29a15e260df67"]}},{"id":8141,"url":"https:\/\/ebeme.fr\/ebeme\/wp-content\/uploads\/2022\/03\/9.2_Allergies-intol\u00e9rances_Myl\u00e8ne-GUILLOT-Magn\u00e9tiseuse-Rebouteuse-Relaxologue.jpg","name":"9.2_Allergies-intol\u00e9rances_Myl\u00e8ne-GUILLOT-Magn\u00e9tiseuse-Rebouteuse-Relaxologue.jpg","meta":{"brizy_attachment_uid":"wp-d194824b6b8205e6d969d0647514ae07","brizy_post_uid":["1a1258c6e48edfee21d29a15e260df67"]}},{"id":8143,"url":"https:\/\/ebeme.fr\/ebeme\/wp-content\/uploads\/2022\/03\/9.1_Allergies-intol\u00e9rances_Myl\u00e8ne-GUILLOT-Magn\u00e9tiseuse-Rebouteuse-Relaxologue-1.jpg","name":"9.1_Allergies-intol\u00e9rances_Myl\u00e8ne-GUILLOT-Magn\u00e9tiseuse-Rebouteuse-Relaxologue-1.jpg","meta":{"brizy_attachment_uid":"wp-80d1b77c6956242da4f8edae0707f0a7","brizy_post_uid":["1a1258c6e48edfee21d29a15e260df67","92e71d2b398590b61076ee3cb101a525"]}},{"id":8577,"url":"https:\/\/ebeme.fr\/ebeme\/wp-content\/uploads\/2022\/08\/5.3.1_Magn\u00e9tisme.jpg","name":"5.3.1_Magn\u00e9tisme.jpg","meta":{"brizy_attachment_uid":"wp-ccb45fe7e4b14be4622bd997e8be50be","brizy_post_uid":["1a1258c6e48edfee21d29a15e260df67"]}},{"id":8578,"url":"https:\/\/ebeme.fr\/ebeme\/wp-content\/uploads\/2022\/08\/5.3.2_Reboutement.jpg","name":"5.3.2_Reboutement.jpg","meta":{"brizy_attachment_uid":"wp-e1b9d96005090cd90e2205f26f758c2e","brizy_post_uid":["1a1258c6e48edfee21d29a15e260df67"]}},{"id":9121,"url":"https:\/\/ebeme.fr\/ebeme\/wp-content\/uploads\/2023\/08\/Guidance-spirituelle_Bienfaits_Mylene-GUILLOT-Magnetiseuse-Rebouteuse-Relaxologue-Energeticienne.jpg","name":"Guidance-spirituelle_Bienfaits_Mylene-GUILLOT-Magnetiseuse-Rebouteuse-Relaxologue-Energeticienne.jpg","meta":{"brizy_attachment_uid":"wp-f14bda27d442122936b3a96f69fc0d41","brizy_post_uid":["1a1258c6e48edfee21d29a15e260df67"]}}],"_links":{"self":[{"href":"https:\/\/ebeme.fr\/ebeme\/wp-json\/wp\/v2\/pages\/8548","targetHints":{"allow":["GET"]}}],"collection":[{"href":"https:\/\/ebeme.fr\/ebeme\/wp-json\/wp\/v2\/pages"}],"about":[{"href":"https:\/\/ebeme.fr\/ebeme\/wp-json\/wp\/v2\/types\/page"}],"author":[{"embeddable":true,"href":"https:\/\/ebeme.fr\/ebeme\/wp-json\/wp\/v2\/users\/1"}],"replies":[{"embeddable":true,"href":"https:\/\/ebeme.fr\/ebeme\/wp-json\/wp\/v2\/comments?post=8548"}],"version-history":[{"count":17,"href":"https:\/\/ebeme.fr\/ebeme\/wp-json\/wp\/v2\/pages\/8548\/revisions"}],"predecessor-version":[{"id":11066,"href":"https:\/\/ebeme.fr\/ebeme\/wp-json\/wp\/v2\/pages\/8548\/revisions\/11066"}],"wp:attachment":[{"href":"https:\/\/ebeme.fr\/ebeme\/wp-json\/wp\/v2\/media?parent=8548"}],"curies":[{"name":"wp","href":"https:\/\/api.w.org\/{rel}","templated":true}]}}