{"id":9108,"date":"2023-08-09T16:32:38","date_gmt":"2023-08-09T16:32:38","guid":{"rendered":"https:\/\/ebeme.fr\/ebeme\/?page_id=9108"},"modified":"2026-01-08T13:58:10","modified_gmt":"2026-01-08T13:58:10","slug":"eveil-de-l-ame","status":"publish","type":"page","link":"https:\/\/ebeme.fr\/ebeme\/eveil-de-l-ame\/","title":{"rendered":"Eveil de l&rsquo;\u00c2me"},"content":{"rendered":"<div class=\"brz-root__container brz-reset-all brz\">\n<section id=\"_vbvpdqvzrd\" class=\"brz-section brz-css-zVfRu\">\n<div class=\"brz-section__content brz-section--boxed brz-css-oN7Jy brz-css-ruYho\" data-brz-custom-id=\"mmhenepbbx\">\n<div class=\"brz-bg\">\n<div class=\"brz-bg-image\"><\/div>\n<div class=\"brz-bg-color\"><\/div>\n<\/div>\n<div class=\"brz-container brz-css-clLWu\">\n<div id=\"\" class=\"brz-css-vbBUW brz-wrapper\">\n<div class=\"brz-rich-text brz-rich-text__custom brz-css-vacBp\" data-brz-custom-id=\"cmmwvgzglv\">\n<div data-brz-translate-text=\"1\">\n<h1 class=\"brz-text-lg-center brz-tp-heading1 brz-css-bCeH7\"><span class=\"brz-cp-color2\" style=\"background-color: transparent\">Un accompagnement&nbsp;&#8230;<\/span><\/h1>\n<\/div>\n<\/div>\n<\/div>\n<div id=\"\" class=\"brz-css-vbBUW brz-css-d0bg3 brz-wrapper\">\n<div class=\"brz-spacer brz-css-afp3f brz-css-qg5wT\"><\/div>\n<\/div>\n<div class=\"brz-row__container brz-css-uasls\" data-brz-custom-id=\"zibsodtvfk\">\n<div class=\"brz-bg\"><\/div>\n<div class=\"brz-row brz-css-iiElJ brz-css-yXtE6\">\n<div class=\"brz-columns brz-css-sA2Nu brz-css-aMYKs\" data-brz-custom-id=\"hcfpvevfpf\">\n<div class=\"brz-bg\"><\/div>\n<div class=\"brz-column__items brz-css-lQJL1\">\n<div id=\"\" class=\"brz-css-vbBUW brz-css-gS98O brz-wrapper\">\n<div class=\"brz-rich-text brz-rich-text__custom brz-css-vacBp\" data-brz-custom-id=\"nbamlxdcxt\">\n<div data-brz-translate-text=\"1\">\n<p class=\"brz-ls-xs-0 brz-fw-xs-300 brz-ls-sm-im-2 brz-ls-lg-0 brz-lh-sm-im-1_5 brz-lh-lg-1_5 brz-fw-sm-im-600 brz-ff-montserrat brz-text-lg-center brz-fw-lg-300 brz-fs-lg-25 brz-fs-sm-im-20 brz-fs-xs-17 brz-lh-xs-1_4 brz-css-xJHkF\"><span class=\"brz-cp-color1\">&#8230; vers la lib\u00e9ration de blocages inconscients et une meilleure connaissance de soi.<\/span><\/p>\n<\/div>\n<\/div>\n<\/div>\n<div id=\"\" class=\"brz-css-vbBUW brz-css-ioBA8 brz-wrapper\">\n<div class=\"brz-rich-text brz-rich-text__custom brz-css-vacBp\" data-brz-custom-id=\"lwpffdnlbi\">\n<div data-brz-translate-text=\"1\">\n<p class=\"brz-lh-xs-1_4 brz-fs-xs-17 brz-fs-sm-im-20 brz-fs-lg-25 brz-fw-lg-300 brz-text-lg-center brz-ff-montserrat brz-fw-sm-im-600 brz-lh-lg-1_5 brz-lh-sm-im-1_5 brz-ls-lg-0 brz-ls-sm-im-2 brz-fw-xs-300 brz-ls-xs-0 brz-css-tTtZ4\"><strong class=\"brz-cp-color1\">La spiritualit\u00e9<\/strong><span class=\"brz-cp-color1\"> n\u2019a rien \u00e0 voir avec une quelconque religion, nul besoin d\u2019\u00eatre croyant pour appr\u00e9hender sa spiritualit\u00e9. La spiritualit\u00e9, c\u2019est comprendre que les changements viennent de l\u2019int\u00e9rieur vers l\u2019ext\u00e9rieur et non l\u2019inverse. C\u2019est aussi appr\u00e9hender&nbsp;<\/span><\/p>\n<p class=\"brz-lh-xs-1_4 brz-fs-xs-17 brz-fs-sm-im-20 brz-fs-lg-25 brz-fw-lg-300 brz-text-lg-center brz-ff-montserrat brz-fw-sm-im-600 brz-lh-lg-1_5 brz-lh-sm-im-1_5 brz-ls-lg-0 brz-ls-sm-im-2 brz-fw-xs-300 brz-ls-xs-0 brz-css-bRCeq\"><span class=\"brz-cp-color1\">une \u00e9nergie vibratoire, celle de notre \u00e2me.&nbsp;<\/span><\/p>\n<\/div>\n<\/div>\n<\/div>\n<div id=\"\" class=\"brz-css-vbBUW brz-css-y6VNg brz-wrapper\">\n<div class=\"brz-rich-text brz-rich-text__custom brz-css-vacBp\" data-brz-custom-id=\"khargbijuk\">\n<div data-brz-translate-text=\"1\">\n<p class=\"brz-lh-xs-1_4 brz-fs-xs-17 brz-fs-sm-im-20 brz-fs-lg-25 brz-fw-lg-300 brz-text-lg-center brz-ff-montserrat brz-fw-sm-im-600 brz-lh-lg-1_5 brz-lh-sm-im-1_5 brz-ls-lg-0 brz-ls-sm-im-2 brz-fw-xs-300 brz-ls-xs-0 brz-css-hpgJl\"><strong class=\"brz-cp-color1\">L\u2019\u00e2me<\/strong><span class=\"brz-cp-color1\"> est le principe vital et spirituel qui anime notre corps. Elle est cette partie de soi qui est immuable et immat\u00e9rielle. En tant qu\u2019\u00eatre humain, nous sommes le v\u00e9hicule terrestre de notre \u00e2me. Notre \u00e2me veille sur nous, nous guide, nous sert de boussole,&nbsp;<\/span><\/p>\n<p class=\"brz-lh-xs-1_4 brz-fs-xs-17 brz-fs-sm-im-20 brz-fs-lg-25 brz-fw-lg-300 brz-text-lg-center brz-ff-montserrat brz-fw-sm-im-600 brz-lh-lg-1_5 brz-lh-sm-im-1_5 brz-ls-lg-0 brz-ls-sm-im-2 brz-fw-xs-300 brz-ls-xs-0 brz-css-lyn7C\"><span class=\"brz-cp-color1\">elle agit au plus juste pour nous.&nbsp;<\/span><\/p>\n<\/div>\n<\/div>\n<\/div>\n<div id=\"\" class=\"brz-css-vbBUW brz-css-lO8dx brz-wrapper\">\n<div class=\"brz-rich-text brz-rich-text__custom brz-css-vacBp\" data-brz-custom-id=\"dhcgpeyxid\">\n<div data-brz-translate-text=\"1\">\n<p class=\"brz-lh-xs-1_4 brz-fs-xs-17 brz-fs-sm-im-20 brz-fs-lg-25 brz-fw-lg-300 brz-text-lg-center brz-ff-montserrat brz-fw-sm-im-600 brz-lh-lg-1_5 brz-lh-sm-im-1_5 brz-ls-lg-0 brz-ls-sm-im-2 brz-fw-xs-300 brz-ls-xs-0 brz-css-eOjX7\"><strong class=\"brz-cp-color1\">\u00catre dans l\u2019acceptation de son \u00e2me, c\u2019est ouvrir son c\u0153ur.&nbsp;<\/strong><span class=\"brz-cp-color1\">Il peut para\u00eetre plus facile de fermer les yeux, de repousser les appels de son \u00e2me, de faire taire cette petite voix int\u00e9rieure. \u00catre dans l\u2019acceptation de son \u00e2me, c\u2019est accepter de ne plus vivre en dualit\u00e9, c\u2019est recoller ces parties de soi dissoci\u00e9es. L\u2019\u00e2me rassemble, nous met dans un \u00e9tat de conscience o\u00f9 le bien-\u00eatre, l\u2019Amour, la bienveillance,&nbsp;le pardon sont les cl\u00e9s&nbsp;<\/span><\/p>\n<p class=\"brz-lh-xs-1_4 brz-fs-xs-17 brz-fs-sm-im-20 brz-fs-lg-25 brz-fw-lg-300 brz-text-lg-center brz-ff-montserrat brz-fw-sm-im-600 brz-lh-lg-1_5 brz-lh-sm-im-1_5 brz-ls-lg-0 brz-ls-sm-im-2 brz-fw-xs-300 brz-ls-xs-0 brz-css-yset7\"><span class=\"brz-cp-color1\">de retrouvailles avec elle.&nbsp;&nbsp;<\/span><strong class=\"brz-cp-color1\">&nbsp;<\/strong><\/p>\n<\/div>\n<\/div>\n<\/div>\n<div id=\"\" class=\"brz-css-vbBUW brz-css-i2aSm brz-wrapper\">\n<div class=\"brz-rich-text brz-rich-text__custom brz-css-vacBp\" data-brz-custom-id=\"jyiizhbovw\">\n<div data-brz-translate-text=\"1\">\n<p class=\"brz-lh-xs-1_4 brz-fs-xs-17 brz-fw-lg-300 brz-text-lg-center brz-ff-montserrat brz-fw-sm-im-600 brz-lh-lg-1_5 brz-lh-sm-im-1_5 brz-ls-lg-0 brz-ls-sm-im-2 brz-fw-xs-300 brz-ls-xs-0 brz-fs-sm-im-6 brz-fs-lg-10 brz-css-juAFJ\"><span class=\"brz-cp-color1\">&nbsp;<\/span><\/p>\n<\/div>\n<\/div>\n<\/div>\n<\/div>\n<\/div>\n<\/div>\n<\/div>\n<div id=\"\" class=\"brz-css-vbBUW brz-wrapper\">\n<div class=\"brz-rich-text brz-rich-text__custom brz-css-vacBp\" data-brz-custom-id=\"zbfnkkynhj\">\n<div data-brz-translate-text=\"1\">\n<h4 class=\"brz-tp-heading3 brz-text-lg-center brz-css-k9Sye\"><span class=\"brz-cp-color2\">Un voyage au coeur de vous-m\u00eame&nbsp;&nbsp;<\/span><\/h4>\n<\/div>\n<\/div>\n<\/div>\n<\/div>\n<\/div>\n<\/section>\n<\/div>\n<p>    <!-- version:1736527014 --><\/p>\n\n\n<p><\/p>\n","protected":false},"excerpt":{"rendered":"<p>Un accompagnement&nbsp;&#8230; &#8230; vers la lib\u00e9ration de blocages inconscients et une meilleure connaissance de soi. La spiritualit\u00e9 n\u2019a rien \u00e0 voir avec une quelconque religion, nul besoin d\u2019\u00eatre croyant pour appr\u00e9hender sa spiritualit\u00e9. La spiritualit\u00e9, c\u2019est comprendre que les changements viennent de l\u2019int\u00e9rieur vers l\u2019ext\u00e9rieur et non l\u2019inverse. C\u2019est aussi appr\u00e9hender&nbsp; une \u00e9nergie vibratoire, celle<span class=\"post-excerpt-end\">&hellip;<\/span><\/p>\n<p class=\"more-link\"><a href=\"https:\/\/ebeme.fr\/ebeme\/eveil-de-l-ame\/\" class=\"themebutton\">Read More<\/a><\/p>\n","protected":false},"author":1,"featured_media":0,"parent":0,"menu_order":0,"comment_status":"closed","ping_status":"closed","template":"","meta":{"_exactmetrics_skip_tracking":false,"_exactmetrics_sitenote_active":false,"_exactmetrics_sitenote_note":"","_exactmetrics_sitenote_category":0,"footnotes":""},"class_list":["post-9108","page","type-page","status-publish","hentry"],"yoast_head":"<!-- This site is optimized with the Yoast SEO plugin v26.9 - https:\/\/yoast.com\/product\/yoast-seo-wordpress\/ -->\n<title>Eveil de l&rsquo;\u00c2me - Myl\u00e8ne GUILLOT - Magn\u00e9tiseuse Rebouteuse Relaxologue Energ\u00e9ticienne spirituelle<\/title>\n<meta name=\"description\" content=\"Coaching spirituel, un accompagnement par Myl\u00e8ne GUILLOT, magn\u00e9tiseuse, rebouteuse, relaxologue, \u00e9nerg\u00e9ticienne.\" \/>\n<meta name=\"robots\" content=\"index, follow, max-snippet:-1, max-image-preview:large, max-video-preview:-1\" \/>\n<link rel=\"canonical\" href=\"https:\/\/ebeme.fr\/ebeme\/eveil-de-l-ame\/\" \/>\n<meta property=\"og:locale\" content=\"fr_FR\" \/>\n<meta property=\"og:type\" content=\"article\" \/>\n<meta property=\"og:title\" content=\"Eveil de l&rsquo;\u00c2me - Myl\u00e8ne GUILLOT - Magn\u00e9tiseuse Rebouteuse Relaxologue Energ\u00e9ticienne spirituelle\" \/>\n<meta property=\"og:description\" content=\"Coaching spirituel, un accompagnement par Myl\u00e8ne GUILLOT, magn\u00e9tiseuse, rebouteuse, relaxologue, \u00e9nerg\u00e9ticienne.\" \/>\n<meta property=\"og:url\" content=\"https:\/\/ebeme.fr\/ebeme\/eveil-de-l-ame\/\" \/>\n<meta property=\"og:site_name\" content=\"Myl\u00e8ne GUILLOT - Magn\u00e9tiseuse Rebouteuse Relaxologue Energ\u00e9ticienne spirituelle\" \/>\n<meta property=\"article:publisher\" content=\"https:\/\/www.facebook.com\/mylene.guillot.ebeme\" \/>\n<meta property=\"article:modified_time\" content=\"2026-01-08T13:58:10+00:00\" \/>\n<meta name=\"twitter:card\" content=\"summary_large_image\" \/>\n<meta name=\"twitter:label1\" content=\"Dur\u00e9e de lecture estim\u00e9e\" \/>\n\t<meta name=\"twitter:data1\" content=\"1 minute\" \/>\n<script type=\"application\/ld+json\" class=\"yoast-schema-graph\">{\"@context\":\"https:\/\/schema.org\",\"@graph\":[{\"@type\":\"WebPage\",\"@id\":\"https:\/\/ebeme.fr\/ebeme\/eveil-de-l-ame\/\",\"url\":\"https:\/\/ebeme.fr\/ebeme\/eveil-de-l-ame\/\",\"name\":\"Eveil de l&rsquo;\u00c2me - Myl\u00e8ne GUILLOT - Magn\u00e9tiseuse Rebouteuse Relaxologue Energ\u00e9ticienne spirituelle\",\"isPartOf\":{\"@id\":\"https:\/\/ebeme.fr\/ebeme\/#website\"},\"datePublished\":\"2023-08-09T16:32:38+00:00\",\"dateModified\":\"2026-01-08T13:58:10+00:00\",\"description\":\"Coaching spirituel, un accompagnement par Myl\u00e8ne GUILLOT, magn\u00e9tiseuse, rebouteuse, relaxologue, \u00e9nerg\u00e9ticienne.\",\"breadcrumb\":{\"@id\":\"https:\/\/ebeme.fr\/ebeme\/eveil-de-l-ame\/#breadcrumb\"},\"inLanguage\":\"fr-FR\",\"potentialAction\":[{\"@type\":\"ReadAction\",\"target\":[\"https:\/\/ebeme.fr\/ebeme\/eveil-de-l-ame\/\"]}]},{\"@type\":\"BreadcrumbList\",\"@id\":\"https:\/\/ebeme.fr\/ebeme\/eveil-de-l-ame\/#breadcrumb\",\"itemListElement\":[{\"@type\":\"ListItem\",\"position\":1,\"name\":\"Home\",\"item\":\"https:\/\/ebeme.fr\/ebeme\/\"},{\"@type\":\"ListItem\",\"position\":2,\"name\":\"Eveil de l&rsquo;\u00c2me\"}]},{\"@type\":\"WebSite\",\"@id\":\"https:\/\/ebeme.fr\/ebeme\/#website\",\"url\":\"https:\/\/ebeme.fr\/ebeme\/\",\"name\":\"Myl\u00e8ne GUILLOT - Magn\u00e9tiseuse Rebouteuse Relaxologue\",\"description\":\"EBEME Energie du Bien \u00catre pour Mieux \u00catre\",\"publisher\":{\"@id\":\"https:\/\/ebeme.fr\/ebeme\/#organization\"},\"potentialAction\":[{\"@type\":\"SearchAction\",\"target\":{\"@type\":\"EntryPoint\",\"urlTemplate\":\"https:\/\/ebeme.fr\/ebeme\/?s={search_term_string}\"},\"query-input\":{\"@type\":\"PropertyValueSpecification\",\"valueRequired\":true,\"valueName\":\"search_term_string\"}}],\"inLanguage\":\"fr-FR\"},{\"@type\":\"Organization\",\"@id\":\"https:\/\/ebeme.fr\/ebeme\/#organization\",\"name\":\"Myl\u00e8ne GUILLOT - Magn\u00e9tiseuse Rebouteuse Relaxologue\",\"url\":\"https:\/\/ebeme.fr\/ebeme\/\",\"logo\":{\"@type\":\"ImageObject\",\"inLanguage\":\"fr-FR\",\"@id\":\"https:\/\/ebeme.fr\/ebeme\/#\/schema\/logo\/image\/\",\"url\":\"https:\/\/ebeme.fr\/ebeme\/wp-content\/uploads\/2024\/12\/cropped-Logo_1_Mylene-GUILLOT_Magnetiseuse-Rebouteuse-Relaxologue-Energeticienne-spirituelle-1.jpg\",\"contentUrl\":\"https:\/\/ebeme.fr\/ebeme\/wp-content\/uploads\/2024\/12\/cropped-Logo_1_Mylene-GUILLOT_Magnetiseuse-Rebouteuse-Relaxologue-Energeticienne-spirituelle-1.jpg\",\"width\":416,\"height\":122,\"caption\":\"Myl\u00e8ne GUILLOT - Magn\u00e9tiseuse Rebouteuse Relaxologue\"},\"image\":{\"@id\":\"https:\/\/ebeme.fr\/ebeme\/#\/schema\/logo\/image\/\"},\"sameAs\":[\"https:\/\/www.facebook.com\/mylene.guillot.ebeme\"]}]}<\/script>\n<!-- \/ Yoast SEO plugin. -->","yoast_head_json":{"title":"Eveil de l&rsquo;\u00c2me - Myl\u00e8ne GUILLOT - Magn\u00e9tiseuse Rebouteuse Relaxologue Energ\u00e9ticienne spirituelle","description":"Coaching spirituel, un accompagnement par Myl\u00e8ne GUILLOT, magn\u00e9tiseuse, rebouteuse, relaxologue, \u00e9nerg\u00e9ticienne.","robots":{"index":"index","follow":"follow","max-snippet":"max-snippet:-1","max-image-preview":"max-image-preview:large","max-video-preview":"max-video-preview:-1"},"canonical":"https:\/\/ebeme.fr\/ebeme\/eveil-de-l-ame\/","og_locale":"fr_FR","og_type":"article","og_title":"Eveil de l&rsquo;\u00c2me - Myl\u00e8ne GUILLOT - Magn\u00e9tiseuse Rebouteuse Relaxologue Energ\u00e9ticienne spirituelle","og_description":"Coaching spirituel, un accompagnement par Myl\u00e8ne GUILLOT, magn\u00e9tiseuse, rebouteuse, relaxologue, \u00e9nerg\u00e9ticienne.","og_url":"https:\/\/ebeme.fr\/ebeme\/eveil-de-l-ame\/","og_site_name":"Myl\u00e8ne GUILLOT - Magn\u00e9tiseuse Rebouteuse Relaxologue Energ\u00e9ticienne spirituelle","article_publisher":"https:\/\/www.facebook.com\/mylene.guillot.ebeme","article_modified_time":"2026-01-08T13:58:10+00:00","twitter_card":"summary_large_image","twitter_misc":{"Dur\u00e9e de lecture estim\u00e9e":"1 minute"},"schema":{"@context":"https:\/\/schema.org","@graph":[{"@type":"WebPage","@id":"https:\/\/ebeme.fr\/ebeme\/eveil-de-l-ame\/","url":"https:\/\/ebeme.fr\/ebeme\/eveil-de-l-ame\/","name":"Eveil de l&rsquo;\u00c2me - Myl\u00e8ne GUILLOT - Magn\u00e9tiseuse Rebouteuse Relaxologue Energ\u00e9ticienne spirituelle","isPartOf":{"@id":"https:\/\/ebeme.fr\/ebeme\/#website"},"datePublished":"2023-08-09T16:32:38+00:00","dateModified":"2026-01-08T13:58:10+00:00","description":"Coaching spirituel, un accompagnement par Myl\u00e8ne GUILLOT, magn\u00e9tiseuse, rebouteuse, relaxologue, \u00e9nerg\u00e9ticienne.","breadcrumb":{"@id":"https:\/\/ebeme.fr\/ebeme\/eveil-de-l-ame\/#breadcrumb"},"inLanguage":"fr-FR","potentialAction":[{"@type":"ReadAction","target":["https:\/\/ebeme.fr\/ebeme\/eveil-de-l-ame\/"]}]},{"@type":"BreadcrumbList","@id":"https:\/\/ebeme.fr\/ebeme\/eveil-de-l-ame\/#breadcrumb","itemListElement":[{"@type":"ListItem","position":1,"name":"Home","item":"https:\/\/ebeme.fr\/ebeme\/"},{"@type":"ListItem","position":2,"name":"Eveil de l&rsquo;\u00c2me"}]},{"@type":"WebSite","@id":"https:\/\/ebeme.fr\/ebeme\/#website","url":"https:\/\/ebeme.fr\/ebeme\/","name":"Myl\u00e8ne GUILLOT - Magn\u00e9tiseuse Rebouteuse Relaxologue","description":"EBEME Energie du Bien \u00catre pour Mieux \u00catre","publisher":{"@id":"https:\/\/ebeme.fr\/ebeme\/#organization"},"potentialAction":[{"@type":"SearchAction","target":{"@type":"EntryPoint","urlTemplate":"https:\/\/ebeme.fr\/ebeme\/?s={search_term_string}"},"query-input":{"@type":"PropertyValueSpecification","valueRequired":true,"valueName":"search_term_string"}}],"inLanguage":"fr-FR"},{"@type":"Organization","@id":"https:\/\/ebeme.fr\/ebeme\/#organization","name":"Myl\u00e8ne GUILLOT - Magn\u00e9tiseuse Rebouteuse Relaxologue","url":"https:\/\/ebeme.fr\/ebeme\/","logo":{"@type":"ImageObject","inLanguage":"fr-FR","@id":"https:\/\/ebeme.fr\/ebeme\/#\/schema\/logo\/image\/","url":"https:\/\/ebeme.fr\/ebeme\/wp-content\/uploads\/2024\/12\/cropped-Logo_1_Mylene-GUILLOT_Magnetiseuse-Rebouteuse-Relaxologue-Energeticienne-spirituelle-1.jpg","contentUrl":"https:\/\/ebeme.fr\/ebeme\/wp-content\/uploads\/2024\/12\/cropped-Logo_1_Mylene-GUILLOT_Magnetiseuse-Rebouteuse-Relaxologue-Energeticienne-spirituelle-1.jpg","width":416,"height":122,"caption":"Myl\u00e8ne GUILLOT - Magn\u00e9tiseuse Rebouteuse Relaxologue"},"image":{"@id":"https:\/\/ebeme.fr\/ebeme\/#\/schema\/logo\/image\/"},"sameAs":["https:\/\/www.facebook.com\/mylene.guillot.ebeme"]}]}},"brizy_media":[{"id":3407,"url":"https:\/\/ebeme.fr\/ebeme\/wp-content\/uploads\/2019\/12\/5.4.1_Formation-en-Magn\u00e9tisme_Reboutement-EBEME.jpg","name":"5.4.1_Formation-en-Magn\u00e9tisme_Reboutement-EBEME.jpg","meta":{"brizy_attachment_uid":"wp-866f9dfc4611e9852a3f9ec4add26c4d","brizy_post_uid":["c84dc04dad210f60195d8d97459fd188"]}},{"id":3408,"url":"https:\/\/ebeme.fr\/ebeme\/wp-content\/uploads\/2019\/12\/5.4.2_Formation-en-Magn\u00e9tisme_Reboutement-EBEME.jpg","name":"5.4.2_Formation-en-Magn\u00e9tisme_Reboutement-EBEME.jpg","meta":{"brizy_attachment_uid":"wp-d1ba58970a0b0824fd0afc2ad601cfa2","brizy_post_uid":["c84dc04dad210f60195d8d97459fd188"]}},{"id":3411,"url":"https:\/\/ebeme.fr\/ebeme\/wp-content\/uploads\/2019\/12\/4.5.1_Logo-relaxologue-de-pleine-conscience-EBEME.jpg","name":"4.5.1_Logo-relaxologue-de-pleine-conscience-EBEME.jpg","meta":{"brizy_attachment_uid":"wp-0b018c353620d02f04611d12896e77e1","brizy_post_uid":["c84dc04dad210f60195d8d97459fd188"]}},{"id":3412,"url":"https:\/\/ebeme.fr\/ebeme\/wp-content\/uploads\/2019\/12\/4.5.2_Certificat-relaxologue-de-pleine-conscience-EBEME.png","name":"4.5.2_Certificat-relaxologue-de-pleine-conscience-EBEME.png","meta":{"brizy_attachment_uid":"wp-40848fe5ee758d6b4d6fe5734d80980d","brizy_post_uid":["c84dc04dad210f60195d8d97459fd188"]}},{"id":3415,"url":"https:\/\/ebeme.fr\/ebeme\/wp-content\/uploads\/2019\/12\/5.0_Magn\u00e9tisme_Reboutement-EBEME.jpg","name":"5.0_Magn\u00e9tisme_Reboutement-EBEME.jpg","meta":{"brizy_attachment_uid":"wp-eb91fafccbc7915bc323b47d672a503a","brizy_post_uid":["c84dc04dad210f60195d8d97459fd188"]}},{"id":5632,"url":"https:\/\/ebeme.fr\/ebeme\/wp-content\/uploads\/2021\/01\/5.4.3_Formation-en-Magn\u00e9tisme_Reboutement-Myl\u00e8ne-GUILLOT.jpg","name":"5.4.3_Formation-en-Magn\u00e9tisme_Reboutement-Myl\u00e8ne-GUILLOT.jpg","meta":{"brizy_attachment_uid":"wp-379a0ab108e9b707ab1cb01744bddf4d","brizy_post_uid":["c84dc04dad210f60195d8d97459fd188"]}},{"id":7303,"url":"https:\/\/ebeme.fr\/ebeme\/wp-content\/uploads\/2021\/11\/8.0_Fleurs-de-Bach_Myl\u00e8ne-GUILLOT-Magn\u00e9tiseuse-Rebouteuse-Relaxologue.jpg","name":"8.0_Fleurs-de-Bach_Myl\u00e8ne-GUILLOT-Magn\u00e9tiseuse-Rebouteuse-Relaxologue.jpg","meta":{"brizy_attachment_uid":"wp-303aaf06b6e27a35b9bba6baaf53ad67","brizy_post_uid":["c84dc04dad210f60195d8d97459fd188","92e71d2b398590b61076ee3cb101a525"]}},{"id":8132,"url":"https:\/\/ebeme.fr\/ebeme\/wp-content\/uploads\/2022\/03\/9.0_Allergies-intol\u00e9rances_Myl\u00e8ne-GUILLOT-Magn\u00e9tiseuse-Rebouteuse-Relaxologue-1.jpg","name":"9.0_Allergies-intol\u00e9rances_Myl\u00e8ne-GUILLOT-Magn\u00e9tiseuse-Rebouteuse-Relaxologue-1.jpg","meta":{"brizy_attachment_uid":"wp-a2bde7e1eeac206b27d0f362255e8c03","brizy_post_uid":["c84dc04dad210f60195d8d97459fd188"]}},{"id":8248,"url":"https:\/\/ebeme.fr\/ebeme\/wp-content\/uploads\/2022\/04\/9.5.1_dipl\u00f4me-allergies-1_Myl\u00e8ne-GUILLOT-Magn\u00e9tiseuse-Rebouteuse-Relaxologue.jpg","name":"9.5.1_dipl\u00f4me-allergies-1_Myl\u00e8ne-GUILLOT-Magn\u00e9tiseuse-Rebouteuse-Relaxologue.jpg","meta":{"brizy_attachment_uid":"wp-9465ae9769cd9f0a16b23d594e89e06f","brizy_post_uid":["c84dc04dad210f60195d8d97459fd188"]}},{"id":8249,"url":"https:\/\/ebeme.fr\/ebeme\/wp-content\/uploads\/2022\/04\/9.5.2_dipl\u00f4me-allergies-2_Myl\u00e8ne-GUILLOT-Magn\u00e9tiseuse-Rebouteuse-Relaxologue.jpg","name":"9.5.2_dipl\u00f4me-allergies-2_Myl\u00e8ne-GUILLOT-Magn\u00e9tiseuse-Rebouteuse-Relaxologue.jpg","meta":{"brizy_attachment_uid":"wp-7bbfb6dcfe29afaa52eb69cba3bf03a6","brizy_post_uid":["c84dc04dad210f60195d8d97459fd188"]}},{"id":8617,"url":"https:\/\/ebeme.fr\/ebeme\/wp-content\/uploads\/2022\/08\/9.5.3_Dipl\u00f4me-Bye-Bye-Allergies_Myl\u00e8ne-GUILLOT-Magn\u00e9tiseuse-Rebouteuse-Relaxologue.jpg","name":"9.5.3_Dipl\u00f4me-Bye-Bye-Allergies_Myl\u00e8ne-GUILLOT-Magn\u00e9tiseuse-Rebouteuse-Relaxologue.jpg","meta":{"brizy_attachment_uid":"wp-1cefbb2886ffb2fc53a037c4d063cb5e","brizy_post_uid":["c84dc04dad210f60195d8d97459fd188"]}},{"id":9110,"url":"https:\/\/ebeme.fr\/ebeme\/wp-content\/uploads\/2023\/08\/Guidance-spirituelle_Mylene-GUILLOT_Magnetiseuse-Rebouteuse-Relaxologue-Energeticienne.jpg","name":"Guidance-spirituelle_Mylene-GUILLOT_Magnetiseuse-Rebouteuse-Relaxologue-Energeticienne.jpg","meta":{"brizy_attachment_uid":"wp-aa82b4691a83f8381672b7fd36cf4d7d","brizy_post_uid":["c84dc04dad210f60195d8d97459fd188"]}}],"_links":{"self":[{"href":"https:\/\/ebeme.fr\/ebeme\/wp-json\/wp\/v2\/pages\/9108","targetHints":{"allow":["GET"]}}],"collection":[{"href":"https:\/\/ebeme.fr\/ebeme\/wp-json\/wp\/v2\/pages"}],"about":[{"href":"https:\/\/ebeme.fr\/ebeme\/wp-json\/wp\/v2\/types\/page"}],"author":[{"embeddable":true,"href":"https:\/\/ebeme.fr\/ebeme\/wp-json\/wp\/v2\/users\/1"}],"replies":[{"embeddable":true,"href":"https:\/\/ebeme.fr\/ebeme\/wp-json\/wp\/v2\/comments?post=9108"}],"version-history":[{"count":29,"href":"https:\/\/ebeme.fr\/ebeme\/wp-json\/wp\/v2\/pages\/9108\/revisions"}],"predecessor-version":[{"id":11991,"href":"https:\/\/ebeme.fr\/ebeme\/wp-json\/wp\/v2\/pages\/9108\/revisions\/11991"}],"wp:attachment":[{"href":"https:\/\/ebeme.fr\/ebeme\/wp-json\/wp\/v2\/media?parent=9108"}],"curies":[{"name":"wp","href":"https:\/\/api.w.org\/{rel}","templated":true}]}}