{"id":9120,"date":"2023-08-10T08:03:53","date_gmt":"2023-08-10T08:03:53","guid":{"rendered":"https:\/\/ebeme.fr\/ebeme\/?page_id=9120"},"modified":"2026-01-08T09:46:36","modified_gmt":"2026-01-08T09:46:36","slug":"bienfaits-eveil-de-l-ame","status":"publish","type":"page","link":"https:\/\/ebeme.fr\/ebeme\/bienfaits-eveil-de-l-ame\/","title":{"rendered":"Bienfaits Eveil de l&rsquo;\u00c2me"},"content":{"rendered":"<div class=\"brz brz-root__container brz-reset-all brz-root__container-page\">\n<section id=\"uemomfscfa_uemomfscfa\" class=\"brz-section brz-css-d-section brz-css-ios52x\">\n<div class=\"brz-section__content brz-section--boxed brz-css-d-sectionitem-bg brz-css-1lqklsu\" data-brz-custom-id=\"fyzffhbpry\">\n<div class=\"brz-bg\">\n<div class=\"brz-bg-color\"><\/div>\n<\/div>\n<div class=\"brz-container brz-css-d-sectionitem-container brz-css-1d8ll5l\">\n<div id=\"\" class=\"brz-css-d-wrapper brz-css-svno2u brz-wrapper\">\n<div class=\"brz-rich-text brz-rich-text__custom brz-css-d-richtext brz-css-1gdvlt\" data-brz-custom-id=\"ynwlpsyzvu\">\n<div data-brz-translate-text=\"1\">\n<h1 class=\"brz-text-lg-center brz-tp-lg-heading3 brz-css-tQYxy\" data-uniq-id=\"mRKZW\" data-generated-css=\"brz-css-jecP0\"><span class=\"brz-cp-color2\">Pour cheminer vers votre \u00e9panouissement personnel &#8230;<\/span>&nbsp;<\/h1>\n<\/div>\n<\/div>\n<\/div>\n<\/div>\n<\/div>\n<\/section>\n<section id=\"igbhdwispw_igbhdwispw\" class=\"brz-section brz-css-d-section brz-css-5zuedv\">\n<div class=\"brz-section__content brz-section--boxed brz-css-d-sectionitem-bg brz-css-18vytz0\" data-brz-custom-id=\"omtonjvlzg\">\n<div class=\"brz-bg\">\n<div class=\"brz-bg-color\"><\/div>\n<\/div>\n<div class=\"brz-container brz-css-d-sectionitem-container brz-css-19d7ovk\">\n<div class=\"brz-row__container brz-css-d-row-row brz-css-rq48z\" data-brz-custom-id=\"ctangcfdxd\">\n<div class=\"brz-row brz-css-d-row-container brz-css-r-row-container brz-css-foif3f\">\n<div class=\"brz-columns brz-css-d-column-column brz-css-1ow53vd\" data-brz-custom-id=\"mhkkpgchlo\">\n<div class=\"brz-column__items brz-css-d-column-bg brz-css-12rn2le\">\n<div id=\"\" class=\"brz-css-d-wrapper brz-css-kfabjx brz-wrapper\">\n<div class=\"brz-icon-text brz-css-d-icontext brz-css-2motp8\" data-brz-custom-id=\"gdnjcmtuti\">\n<div class=\"brz-icon__container\" data-brz-custom-id=\"aqbxlakqsy\"><span class=\"brz-icon brz-span brz-css-d-icon-icon brz-css-1e53wo5\"><\/span><\/div>\n<div class=\"brz-text-btn\">\n<div class=\"brz-rich-text brz-rich-text__custom brz-css-d-richtext brz-css-1oznjge\" data-brz-custom-id=\"wqevclvhlm\">\n<div data-brz-translate-text=\"1\">\n<p class=\"brz-tp-lg-heading6 brz-css-vz047\" data-generated-css=\"brz-css-xxypm\" data-uniq-id=\"fKoKy\"><strong class=\"brz-cp-color2\"> Un Eveil de l&rsquo;\u00c2me vous accompagne pour :<\/strong><\/p>\n<\/div>\n<\/div>\n<\/div>\n<\/div>\n<\/div>\n<div id=\"\" class=\"brz-css-d-wrapper brz-css-1yunmgj brz-wrapper\">\n<div class=\"brz-rich-text brz-rich-text__custom brz-css-d-richtext brz-css-way81u\" data-brz-custom-id=\"jgsnrcoeuz\">\n<div data-brz-translate-text=\"1\">\n<p class=\"brz-fs-lg-16 brz-fs-sm-15 brz-fs-xs-15 brz-ls-lg-0 brz-ls-sm-0 brz-ls-xs-0 brz-ff-montserrat brz-fw-lg-300 brz-fw-sm-300 brz-fw-xs-300 brz-lh-lg-1_5 brz-lh-sm-1_4 brz-lh-xs-1_4 brz-text-lg-justify brz-css-dy79i\" data-generated-css=\"brz-css-kfGBH\" data-uniq-id=\"qANYB\"><span class=\"brz-cp-color1\">-comprendre <\/span>les messages de votre \u00e2me qui s\u2019exprime \u00e0 travers votre corps : mettre des \u00ab\u00a0mots\u00a0\u00bb sur les \u00ab\u00a0maux\u00a0\u00bb<\/p>\n<p class=\"brz-fs-lg-16 brz-fs-sm-15 brz-fs-xs-15 brz-ls-lg-0 brz-ls-sm-0 brz-ls-xs-0 brz-ff-montserrat brz-fw-lg-300 brz-fw-sm-300 brz-fw-xs-300 brz-lh-lg-1_5 brz-lh-sm-1_4 brz-lh-xs-1_4 brz-text-lg-justify brz-css-zQyTs\" data-generated-css=\"brz-css-xSnsQ\" data-uniq-id=\"qJ0Ot\"><span class=\"brz-cp-color1\">-lib\u00e9rer des situations bloqu\u00e9es, des souffrances, des freins&nbsp;<\/span><\/p>\n<p class=\"brz-fs-lg-16 brz-fs-sm-15 brz-fs-xs-15 brz-ls-lg-0 brz-ls-sm-0 brz-ls-xs-0 brz-ff-montserrat brz-fw-lg-300 brz-fw-sm-300 brz-fw-xs-300 brz-lh-lg-1_5 brz-lh-sm-1_4 brz-lh-xs-1_4 brz-text-lg-justify brz-css-sQIHW\" data-generated-css=\"brz-css-riKUt\" data-uniq-id=\"l6ben\"><span class=\"brz-cp-color1\">\u00e0 votre \u00e9volution<\/span><\/p>\n<p class=\"brz-fs-lg-16 brz-fs-sm-15 brz-fs-xs-15 brz-ls-lg-0 brz-ls-sm-0 brz-ls-xs-0 brz-ff-montserrat brz-fw-lg-300 brz-fw-sm-300 brz-fw-xs-300 brz-lh-lg-1_5 brz-lh-sm-1_4 brz-lh-xs-1_4 brz-text-lg-justify brz-css-fe9JJ\" data-generated-css=\"brz-css-suaYe\" data-uniq-id=\"eCFHS\"><span class=\"brz-cp-color1\">-s&rsquo;interroger, activer des prises de conscience <\/span><\/p>\n<p class=\"brz-fs-lg-16 brz-fs-sm-15 brz-fs-xs-15 brz-ls-lg-0 brz-ls-sm-0 brz-ls-xs-0 brz-ff-montserrat brz-fw-lg-300 brz-fw-sm-300 brz-fw-xs-300 brz-lh-lg-1_5 brz-lh-sm-1_4 brz-lh-xs-1_4 brz-text-lg-justify brz-css-ktP1X\" data-generated-css=\"brz-css-d0Eha\" data-uniq-id=\"mKmKm\"><span class=\"brz-cp-color1\">-faire les bons choix, avoir plus de discernement dans les prises de d\u00e9cisions<\/span><\/p>\n<p class=\"brz-fs-lg-16 brz-fs-sm-15 brz-fs-xs-15 brz-ls-lg-0 brz-ls-sm-0 brz-ls-xs-0 brz-ff-montserrat brz-fw-lg-300 brz-fw-sm-300 brz-fw-xs-300 brz-lh-lg-1_5 brz-lh-sm-1_4 brz-lh-xs-1_4 brz-text-lg-justify brz-css-uDV9u\" data-generated-css=\"brz-css-vmg6F\" data-uniq-id=\"qzVFh\">-progresser vers un \u00e9quilibre physique, mental, \u00e9motionnel<\/p>\n<p class=\"brz-fs-lg-16 brz-fs-sm-15 brz-fs-xs-15 brz-ls-lg-0 brz-ls-sm-0 brz-ls-xs-0 brz-ff-montserrat brz-fw-lg-300 brz-fw-sm-300 brz-fw-xs-300 brz-lh-lg-1_5 brz-lh-sm-1_4 brz-lh-xs-1_4 brz-text-lg-justify brz-css-cgDfH\" data-generated-css=\"brz-css-aBaAQ\" data-uniq-id=\"fxoAY\">-retrouver du sens, de l&rsquo;authenticit\u00e9 &#8230;<\/p>\n<p class=\"brz-fs-lg-16 brz-fs-sm-15 brz-fs-xs-15 brz-ls-lg-0 brz-ls-sm-0 brz-ls-xs-0 brz-ff-montserrat brz-fw-lg-300 brz-fw-sm-300 brz-fw-xs-300 brz-lh-lg-1_5 brz-lh-sm-1_4 brz-lh-xs-1_4 brz-text-lg-justify brz-css-hjFhI\" data-generated-css=\"brz-css-p1iuV\" data-uniq-id=\"rlGBh\">-avancer sur son chemin personnel &#8230;&nbsp;&nbsp;<\/p>\n<\/div>\n<\/div>\n<\/div>\n<div id=\"\" class=\"brz-css-d-wrapper brz-css-1eopoa1 brz-wrapper\">\n<div class=\"brz-rich-text brz-rich-text__custom brz-css-d-richtext brz-css-y3u9qo\" data-brz-custom-id=\"ekrlcqphes\">\n<div data-brz-translate-text=\"1\">\n<p class=\"brz-text-lg-justify brz-lh-xs-1_4 brz-lh-sm-1_4 brz-lh-lg-1_5 brz-fw-xs-300 brz-fw-sm-300 brz-fw-lg-300 brz-ff-montserrat brz-ls-xs-0 brz-ls-sm-0 brz-ls-lg-0 brz-fs-xs-15 brz-fs-sm-15 brz-fs-lg-16 brz-css-p2vaa\" data-generated-css=\"brz-css-uunh9\" data-uniq-id=\"x_vpR\"><span class=\"brz-cp-color1\">Parce que la vie est un mouvement perp\u00e9tuel et que rien n\u2019est d\u00e9finitif,&nbsp;l&rsquo;Eveil de l&rsquo;\u00c2me&nbsp;vous aide \u00e0 poursuivre votre \u00e9volution pour passer&nbsp;\u00e0 une nouvelle \u00e9tape de votre vie.&nbsp;&nbsp;<\/span><\/p>\n<p class=\"brz-text-lg-justify brz-lh-xs-1_4 brz-lh-sm-1_4 brz-lh-lg-1_5 brz-fw-xs-300 brz-fw-sm-300 brz-fw-lg-300 brz-ff-montserrat brz-ls-xs-0 brz-ls-sm-0 brz-ls-lg-0 brz-fs-xs-15 brz-fs-sm-15 brz-fs-lg-16 brz-css-igJV2\" data-generated-css=\"brz-css-jxFSA\" data-uniq-id=\"qRkaO\"><span class=\"brz-cp-color1\">&nbsp;<\/span><\/p>\n<p class=\"brz-text-lg-justify brz-lh-xs-1_4 brz-lh-sm-1_4 brz-lh-lg-1_5 brz-fw-xs-300 brz-fw-sm-300 brz-fw-lg-300 brz-ff-montserrat brz-ls-xs-0 brz-ls-sm-0 brz-ls-lg-0 brz-fs-xs-15 brz-fs-sm-15 brz-fs-lg-16 brz-css-z_7VG\" data-generated-css=\"brz-css-zuwJ4\" data-uniq-id=\"toKUz\"><span class=\"brz-cp-color1\">Il vous offre des pistes de r\u00e9flexion, pour \u00e9claircir une situation et prendre conscience de quelque chose, afin de faire un nouveau choix vous permettant de retrouver votre \u00e9quilibre.&nbsp;&nbsp;<\/span><\/p>\n<\/div>\n<\/div>\n<\/div>\n<\/div>\n<\/div>\n<div class=\"brz-columns brz-css-d-column-column brz-css-1nxnbcl\" data-brz-custom-id=\"dkewdoccbt\">\n<div class=\"brz-column__items brz-css-d-column-bg brz-css-18bsgz3\">\n<div id=\"\" class=\"brz-css-d-wrapper brz-css-4ap0i6 brz-wrapper\">\n<div class=\"brz-image brz-css-d-image-iytkkpixqi-parent brz-css-16iqa2e\" data-brz-custom-id=\"iytkkpixqi\"><img decoding=\"async\" class=\"brz-img\" src=\"https:\/\/ebeme.fr\/ebeme\/wp-content\/uploads\/brizy\/imgs\/Guidance-spirituelle_Bienfaits_Mylene-GUILLOT-Magnetiseuse-Rebouteuse-Relaxologue-Energeticienne-413x274x0x0x413x274x1691653689.jpg\" loading=\"lazy\" title=\"Guidance spirituelle_Bienfaits_Myl\u00e8ne GUILLOT Magn\u00e9tiseuse Rebouteuse Relaxologue Energ\u00e9ticienne\"><\/div>\n<\/div>\n<\/div>\n<\/div>\n<\/div>\n<\/div>\n<div id=\"\" class=\"brz-css-d-wrapper brz-css-eh361z brz-wrapper\">\n<div class=\"brz-rich-text brz-rich-text__custom brz-css-d-richtext brz-css-1xm7y8y\" data-brz-custom-id=\"kdbwfjfvze\">\n<div data-brz-translate-text=\"1\">\n<p class=\"brz-tp-paragraph brz-css-jAPNd\"><span class=\"brz-cp-color7\">&nbsp;<\/span><\/p>\n<\/div>\n<\/div>\n<\/div>\n<div class=\"brz-row__container brz-css-d-row-row brz-css-yja3bp\" data-brz-custom-id=\"lksdobsfcp\">\n<div class=\"brz-row brz-css-d-row-container brz-css-r-row-container brz-css-19jci4k\">\n<div class=\"brz-columns brz-css-d-column-column brz-css-1ejgqaj\" data-brz-custom-id=\"uqjuxikzgf\">\n<div class=\"brz-bg\">\n<div class=\"brz-bg-color\"><\/div>\n<\/div>\n<div class=\"brz-column__items brz-css-d-column-bg brz-css-1botkut\">\n<div id=\"\" class=\"brz-css-d-wrapper brz-css-k4yy26 brz-wrapper\">\n<div class=\"brz-rich-text brz-rich-text__custom brz-css-d-richtext brz-css-1sbkjj4\" data-brz-custom-id=\"gkxcvvbgwn\">\n<div data-brz-translate-text=\"1\">\n<h4 class=\"brz-text-lg-center brz-tp-heading3 brz-css-dZd2H\"><span style=\"background-color: initial\">Un rdv d&rsquo;amour avec vous-m\u00eame !<\/span><\/h4>\n<\/div>\n<\/div>\n<\/div>\n<\/div>\n<\/div>\n<\/div>\n<\/div>\n<\/div>\n<\/div>\n<\/section><\/div>\n<p><!-- version:1767865596 --><\/p>\n","protected":false},"excerpt":{"rendered":"<p>Pour cheminer vers votre \u00e9panouissement personnel &#8230;&nbsp; Un Eveil de l&rsquo;\u00c2me vous accompagne pour : -comprendre les messages de votre \u00e2me qui s\u2019exprime \u00e0 travers votre corps : mettre des \u00ab\u00a0mots\u00a0\u00bb sur les \u00ab\u00a0maux\u00a0\u00bb -lib\u00e9rer des situations bloqu\u00e9es, des souffrances, des freins&nbsp; \u00e0 votre \u00e9volution -s&rsquo;interroger, activer des prises de conscience -faire les bons choix,<span class=\"post-excerpt-end\">&hellip;<\/span><\/p>\n<p class=\"more-link\"><a href=\"https:\/\/ebeme.fr\/ebeme\/bienfaits-eveil-de-l-ame\/\" class=\"themebutton\">Read More<\/a><\/p>\n","protected":false},"author":1,"featured_media":0,"parent":0,"menu_order":0,"comment_status":"closed","ping_status":"closed","template":"","meta":{"_exactmetrics_skip_tracking":false,"_exactmetrics_sitenote_active":false,"_exactmetrics_sitenote_note":"","_exactmetrics_sitenote_category":0,"footnotes":""},"class_list":["post-9120","page","type-page","status-publish","hentry"],"yoast_head":"<!-- This site is optimized with the Yoast SEO plugin v26.9 - https:\/\/yoast.com\/product\/yoast-seo-wordpress\/ -->\n<title>Bienfaits Eveil de l&rsquo;\u00c2me - Myl\u00e8ne GUILLOT - Magn\u00e9tiseuse Rebouteuse Relaxologue Energ\u00e9ticienne spirituelle<\/title>\n<meta name=\"description\" content=\"Bienfaits Eveil de l&#039;\u00c2me : Pour cheminer vers votre \u00e9panouissement personnel par Myl\u00e8ne GUILLOT Magn\u00e9tiseuse - Rebouteuse - Relaxologue.\" \/>\n<meta name=\"robots\" content=\"index, follow, max-snippet:-1, max-image-preview:large, max-video-preview:-1\" \/>\n<link rel=\"canonical\" href=\"https:\/\/ebeme.fr\/ebeme\/bienfaits-eveil-de-l-ame\/\" \/>\n<meta property=\"og:locale\" content=\"fr_FR\" \/>\n<meta property=\"og:type\" content=\"article\" \/>\n<meta property=\"og:title\" content=\"Bienfaits Eveil de l&rsquo;\u00c2me - Myl\u00e8ne GUILLOT - Magn\u00e9tiseuse Rebouteuse Relaxologue Energ\u00e9ticienne spirituelle\" \/>\n<meta property=\"og:description\" content=\"Bienfaits Eveil de l&#039;\u00c2me : Pour cheminer vers votre \u00e9panouissement personnel par Myl\u00e8ne GUILLOT Magn\u00e9tiseuse - Rebouteuse - Relaxologue.\" \/>\n<meta property=\"og:url\" content=\"https:\/\/ebeme.fr\/ebeme\/bienfaits-eveil-de-l-ame\/\" \/>\n<meta property=\"og:site_name\" content=\"Myl\u00e8ne GUILLOT - Magn\u00e9tiseuse Rebouteuse Relaxologue Energ\u00e9ticienne spirituelle\" \/>\n<meta property=\"article:publisher\" content=\"https:\/\/www.facebook.com\/mylene.guillot.ebeme\" \/>\n<meta property=\"article:modified_time\" content=\"2026-01-08T09:46:36+00:00\" \/>\n<meta property=\"og:image\" content=\"https:\/\/ebeme.fr\/ebeme\/wp-content\/uploads\/brizy\/imgs\/Guidance-spirituelle_Bienfaits_Mylene-GUILLOT-Magnetiseuse-Rebouteuse-Relaxologue-Energeticienne-413x274x0x0x413x274x1691653689.jpg\" \/>\n<meta name=\"twitter:card\" content=\"summary_large_image\" \/>\n<meta name=\"twitter:label1\" content=\"Dur\u00e9e de lecture estim\u00e9e\" \/>\n\t<meta name=\"twitter:data1\" content=\"1 minute\" \/>\n<script type=\"application\/ld+json\" class=\"yoast-schema-graph\">{\"@context\":\"https:\/\/schema.org\",\"@graph\":[{\"@type\":\"WebPage\",\"@id\":\"https:\/\/ebeme.fr\/ebeme\/bienfaits-eveil-de-l-ame\/\",\"url\":\"https:\/\/ebeme.fr\/ebeme\/bienfaits-eveil-de-l-ame\/\",\"name\":\"Bienfaits Eveil de l&rsquo;\u00c2me - Myl\u00e8ne GUILLOT - Magn\u00e9tiseuse Rebouteuse Relaxologue Energ\u00e9ticienne spirituelle\",\"isPartOf\":{\"@id\":\"https:\/\/ebeme.fr\/ebeme\/#website\"},\"primaryImageOfPage\":{\"@id\":\"https:\/\/ebeme.fr\/ebeme\/bienfaits-eveil-de-l-ame\/#primaryimage\"},\"image\":{\"@id\":\"https:\/\/ebeme.fr\/ebeme\/bienfaits-eveil-de-l-ame\/#primaryimage\"},\"thumbnailUrl\":\"https:\/\/ebeme.fr\/ebeme\/wp-content\/uploads\/brizy\/imgs\/Guidance-spirituelle_Bienfaits_Mylene-GUILLOT-Magnetiseuse-Rebouteuse-Relaxologue-Energeticienne-413x274x0x0x413x274x1691653689.jpg\",\"datePublished\":\"2023-08-10T08:03:53+00:00\",\"dateModified\":\"2026-01-08T09:46:36+00:00\",\"description\":\"Bienfaits Eveil de l'\u00c2me : Pour cheminer vers votre \u00e9panouissement personnel par Myl\u00e8ne GUILLOT Magn\u00e9tiseuse - Rebouteuse - Relaxologue.\",\"breadcrumb\":{\"@id\":\"https:\/\/ebeme.fr\/ebeme\/bienfaits-eveil-de-l-ame\/#breadcrumb\"},\"inLanguage\":\"fr-FR\",\"potentialAction\":[{\"@type\":\"ReadAction\",\"target\":[\"https:\/\/ebeme.fr\/ebeme\/bienfaits-eveil-de-l-ame\/\"]}]},{\"@type\":\"ImageObject\",\"inLanguage\":\"fr-FR\",\"@id\":\"https:\/\/ebeme.fr\/ebeme\/bienfaits-eveil-de-l-ame\/#primaryimage\",\"url\":\"https:\/\/ebeme.fr\/ebeme\/wp-content\/uploads\/brizy\/imgs\/Guidance-spirituelle_Bienfaits_Mylene-GUILLOT-Magnetiseuse-Rebouteuse-Relaxologue-Energeticienne-413x274x0x0x413x274x1691653689.jpg\",\"contentUrl\":\"https:\/\/ebeme.fr\/ebeme\/wp-content\/uploads\/brizy\/imgs\/Guidance-spirituelle_Bienfaits_Mylene-GUILLOT-Magnetiseuse-Rebouteuse-Relaxologue-Energeticienne-413x274x0x0x413x274x1691653689.jpg\"},{\"@type\":\"BreadcrumbList\",\"@id\":\"https:\/\/ebeme.fr\/ebeme\/bienfaits-eveil-de-l-ame\/#breadcrumb\",\"itemListElement\":[{\"@type\":\"ListItem\",\"position\":1,\"name\":\"Home\",\"item\":\"https:\/\/ebeme.fr\/ebeme\/\"},{\"@type\":\"ListItem\",\"position\":2,\"name\":\"Bienfaits Eveil de l&rsquo;\u00c2me\"}]},{\"@type\":\"WebSite\",\"@id\":\"https:\/\/ebeme.fr\/ebeme\/#website\",\"url\":\"https:\/\/ebeme.fr\/ebeme\/\",\"name\":\"Myl\u00e8ne GUILLOT - Magn\u00e9tiseuse Rebouteuse Relaxologue\",\"description\":\"EBEME Energie du Bien \u00catre pour Mieux \u00catre\",\"publisher\":{\"@id\":\"https:\/\/ebeme.fr\/ebeme\/#organization\"},\"potentialAction\":[{\"@type\":\"SearchAction\",\"target\":{\"@type\":\"EntryPoint\",\"urlTemplate\":\"https:\/\/ebeme.fr\/ebeme\/?s={search_term_string}\"},\"query-input\":{\"@type\":\"PropertyValueSpecification\",\"valueRequired\":true,\"valueName\":\"search_term_string\"}}],\"inLanguage\":\"fr-FR\"},{\"@type\":\"Organization\",\"@id\":\"https:\/\/ebeme.fr\/ebeme\/#organization\",\"name\":\"Myl\u00e8ne GUILLOT - Magn\u00e9tiseuse Rebouteuse Relaxologue\",\"url\":\"https:\/\/ebeme.fr\/ebeme\/\",\"logo\":{\"@type\":\"ImageObject\",\"inLanguage\":\"fr-FR\",\"@id\":\"https:\/\/ebeme.fr\/ebeme\/#\/schema\/logo\/image\/\",\"url\":\"https:\/\/ebeme.fr\/ebeme\/wp-content\/uploads\/2024\/12\/cropped-Logo_1_Mylene-GUILLOT_Magnetiseuse-Rebouteuse-Relaxologue-Energeticienne-spirituelle-1.jpg\",\"contentUrl\":\"https:\/\/ebeme.fr\/ebeme\/wp-content\/uploads\/2024\/12\/cropped-Logo_1_Mylene-GUILLOT_Magnetiseuse-Rebouteuse-Relaxologue-Energeticienne-spirituelle-1.jpg\",\"width\":416,\"height\":122,\"caption\":\"Myl\u00e8ne GUILLOT - Magn\u00e9tiseuse Rebouteuse Relaxologue\"},\"image\":{\"@id\":\"https:\/\/ebeme.fr\/ebeme\/#\/schema\/logo\/image\/\"},\"sameAs\":[\"https:\/\/www.facebook.com\/mylene.guillot.ebeme\"]}]}<\/script>\n<!-- \/ Yoast SEO plugin. -->","yoast_head_json":{"title":"Bienfaits Eveil de l&rsquo;\u00c2me - Myl\u00e8ne GUILLOT - Magn\u00e9tiseuse Rebouteuse Relaxologue Energ\u00e9ticienne spirituelle","description":"Bienfaits Eveil de l'\u00c2me : Pour cheminer vers votre \u00e9panouissement personnel par Myl\u00e8ne GUILLOT Magn\u00e9tiseuse - Rebouteuse - Relaxologue.","robots":{"index":"index","follow":"follow","max-snippet":"max-snippet:-1","max-image-preview":"max-image-preview:large","max-video-preview":"max-video-preview:-1"},"canonical":"https:\/\/ebeme.fr\/ebeme\/bienfaits-eveil-de-l-ame\/","og_locale":"fr_FR","og_type":"article","og_title":"Bienfaits Eveil de l&rsquo;\u00c2me - Myl\u00e8ne GUILLOT - Magn\u00e9tiseuse Rebouteuse Relaxologue Energ\u00e9ticienne spirituelle","og_description":"Bienfaits Eveil de l'\u00c2me : Pour cheminer vers votre \u00e9panouissement personnel par Myl\u00e8ne GUILLOT Magn\u00e9tiseuse - Rebouteuse - Relaxologue.","og_url":"https:\/\/ebeme.fr\/ebeme\/bienfaits-eveil-de-l-ame\/","og_site_name":"Myl\u00e8ne GUILLOT - Magn\u00e9tiseuse Rebouteuse Relaxologue Energ\u00e9ticienne spirituelle","article_publisher":"https:\/\/www.facebook.com\/mylene.guillot.ebeme","article_modified_time":"2026-01-08T09:46:36+00:00","og_image":[{"url":"https:\/\/ebeme.fr\/ebeme\/wp-content\/uploads\/brizy\/imgs\/Guidance-spirituelle_Bienfaits_Mylene-GUILLOT-Magnetiseuse-Rebouteuse-Relaxologue-Energeticienne-413x274x0x0x413x274x1691653689.jpg","type":"","width":"","height":""}],"twitter_card":"summary_large_image","twitter_misc":{"Dur\u00e9e de lecture estim\u00e9e":"1 minute"},"schema":{"@context":"https:\/\/schema.org","@graph":[{"@type":"WebPage","@id":"https:\/\/ebeme.fr\/ebeme\/bienfaits-eveil-de-l-ame\/","url":"https:\/\/ebeme.fr\/ebeme\/bienfaits-eveil-de-l-ame\/","name":"Bienfaits Eveil de l&rsquo;\u00c2me - Myl\u00e8ne GUILLOT - Magn\u00e9tiseuse Rebouteuse Relaxologue Energ\u00e9ticienne spirituelle","isPartOf":{"@id":"https:\/\/ebeme.fr\/ebeme\/#website"},"primaryImageOfPage":{"@id":"https:\/\/ebeme.fr\/ebeme\/bienfaits-eveil-de-l-ame\/#primaryimage"},"image":{"@id":"https:\/\/ebeme.fr\/ebeme\/bienfaits-eveil-de-l-ame\/#primaryimage"},"thumbnailUrl":"https:\/\/ebeme.fr\/ebeme\/wp-content\/uploads\/brizy\/imgs\/Guidance-spirituelle_Bienfaits_Mylene-GUILLOT-Magnetiseuse-Rebouteuse-Relaxologue-Energeticienne-413x274x0x0x413x274x1691653689.jpg","datePublished":"2023-08-10T08:03:53+00:00","dateModified":"2026-01-08T09:46:36+00:00","description":"Bienfaits Eveil de l'\u00c2me : Pour cheminer vers votre \u00e9panouissement personnel par Myl\u00e8ne GUILLOT Magn\u00e9tiseuse - Rebouteuse - Relaxologue.","breadcrumb":{"@id":"https:\/\/ebeme.fr\/ebeme\/bienfaits-eveil-de-l-ame\/#breadcrumb"},"inLanguage":"fr-FR","potentialAction":[{"@type":"ReadAction","target":["https:\/\/ebeme.fr\/ebeme\/bienfaits-eveil-de-l-ame\/"]}]},{"@type":"ImageObject","inLanguage":"fr-FR","@id":"https:\/\/ebeme.fr\/ebeme\/bienfaits-eveil-de-l-ame\/#primaryimage","url":"https:\/\/ebeme.fr\/ebeme\/wp-content\/uploads\/brizy\/imgs\/Guidance-spirituelle_Bienfaits_Mylene-GUILLOT-Magnetiseuse-Rebouteuse-Relaxologue-Energeticienne-413x274x0x0x413x274x1691653689.jpg","contentUrl":"https:\/\/ebeme.fr\/ebeme\/wp-content\/uploads\/brizy\/imgs\/Guidance-spirituelle_Bienfaits_Mylene-GUILLOT-Magnetiseuse-Rebouteuse-Relaxologue-Energeticienne-413x274x0x0x413x274x1691653689.jpg"},{"@type":"BreadcrumbList","@id":"https:\/\/ebeme.fr\/ebeme\/bienfaits-eveil-de-l-ame\/#breadcrumb","itemListElement":[{"@type":"ListItem","position":1,"name":"Home","item":"https:\/\/ebeme.fr\/ebeme\/"},{"@type":"ListItem","position":2,"name":"Bienfaits Eveil de l&rsquo;\u00c2me"}]},{"@type":"WebSite","@id":"https:\/\/ebeme.fr\/ebeme\/#website","url":"https:\/\/ebeme.fr\/ebeme\/","name":"Myl\u00e8ne GUILLOT - Magn\u00e9tiseuse Rebouteuse Relaxologue","description":"EBEME Energie du Bien \u00catre pour Mieux \u00catre","publisher":{"@id":"https:\/\/ebeme.fr\/ebeme\/#organization"},"potentialAction":[{"@type":"SearchAction","target":{"@type":"EntryPoint","urlTemplate":"https:\/\/ebeme.fr\/ebeme\/?s={search_term_string}"},"query-input":{"@type":"PropertyValueSpecification","valueRequired":true,"valueName":"search_term_string"}}],"inLanguage":"fr-FR"},{"@type":"Organization","@id":"https:\/\/ebeme.fr\/ebeme\/#organization","name":"Myl\u00e8ne GUILLOT - Magn\u00e9tiseuse Rebouteuse Relaxologue","url":"https:\/\/ebeme.fr\/ebeme\/","logo":{"@type":"ImageObject","inLanguage":"fr-FR","@id":"https:\/\/ebeme.fr\/ebeme\/#\/schema\/logo\/image\/","url":"https:\/\/ebeme.fr\/ebeme\/wp-content\/uploads\/2024\/12\/cropped-Logo_1_Mylene-GUILLOT_Magnetiseuse-Rebouteuse-Relaxologue-Energeticienne-spirituelle-1.jpg","contentUrl":"https:\/\/ebeme.fr\/ebeme\/wp-content\/uploads\/2024\/12\/cropped-Logo_1_Mylene-GUILLOT_Magnetiseuse-Rebouteuse-Relaxologue-Energeticienne-spirituelle-1.jpg","width":416,"height":122,"caption":"Myl\u00e8ne GUILLOT - Magn\u00e9tiseuse Rebouteuse Relaxologue"},"image":{"@id":"https:\/\/ebeme.fr\/ebeme\/#\/schema\/logo\/image\/"},"sameAs":["https:\/\/www.facebook.com\/mylene.guillot.ebeme"]}]}},"brizy_media":[{"id":3351,"url":"https:\/\/ebeme.fr\/ebeme\/wp-content\/uploads\/2019\/12\/4.3.1_Bienfaits-de-la-Relaxologie-de-Pleine-conscience-EBEME.jpg","name":"4.3.1_Bienfaits-de-la-Relaxologie-de-Pleine-conscience-EBEME.jpg","meta":{"brizy_attachment_uid":"wp-42adad2155f9c177b0a1839f5e1b676c","brizy_post_uid":["1a1258c6e48edfee21d29a15e260df67"]}},{"id":3352,"url":"https:\/\/ebeme.fr\/ebeme\/wp-content\/uploads\/2019\/12\/4.3.2_Bienfaits-de-la-Relaxologie-de-Pleine-conscience-EBEME.jpg","name":"4.3.2_Bienfaits-de-la-Relaxologie-de-Pleine-conscience-EBEME.jpg","meta":{"brizy_attachment_uid":"wp-65d96aacd50d09035d6b1c696191b944","brizy_post_uid":["1a1258c6e48edfee21d29a15e260df67"]}},{"id":3354,"url":"https:\/\/ebeme.fr\/ebeme\/wp-content\/uploads\/2019\/12\/5.3.1_Bienfaits-du-Magn\u00e9tisme_Reboutement-EBEME.jpg","name":"5.3.1_Bienfaits-du-Magn\u00e9tisme_Reboutement-EBEME.jpg","meta":{"brizy_attachment_uid":"wp-94ceb583eb0c3b427bfacc27fb910003","brizy_post_uid":["1a1258c6e48edfee21d29a15e260df67","92e71d2b398590b61076ee3cb101a525"]}},{"id":3355,"url":"https:\/\/ebeme.fr\/ebeme\/wp-content\/uploads\/2019\/12\/5.3.2_Bienfaits-du-Magn\u00e9tisme_Reboutement-EBEME.jpg","name":"5.3.2_Bienfaits-du-Magn\u00e9tisme_Reboutement-EBEME.jpg","meta":{"brizy_attachment_uid":"wp-7ee88c00e3e19e9ea8a3113edee06f0e","brizy_post_uid":["1a1258c6e48edfee21d29a15e260df67"]}},{"id":7377,"url":"https:\/\/ebeme.fr\/ebeme\/wp-content\/uploads\/2021\/12\/Olivier_Fleur-de-Bach_Myl\u00e8ne-GUILLOT-Magn\u00e9tiseuse-Rebouteuse-Relaxologue.jpg","name":"Olivier_Fleur-de-Bach_Myl\u00e8ne-GUILLOT-Magn\u00e9tiseuse-Rebouteuse-Relaxologue.jpg","meta":{"brizy_attachment_uid":"wp-00e4e691f0807105f83311eb516fbf06","brizy_post_uid":["1a1258c6e48edfee21d29a15e260df67"]}},{"id":7378,"url":"https:\/\/ebeme.fr\/ebeme\/wp-content\/uploads\/2021\/12\/Houx_Fleur-de-Bach_Myl\u00e8ne-GUILLOT-Magn\u00e9tiseuse-Rebouteuse-Relaxologue.jpg","name":"Houx_Fleur-de-Bach_Myl\u00e8ne-GUILLOT-Magn\u00e9tiseuse-Rebouteuse-Relaxologue.jpg","meta":{"brizy_attachment_uid":"wp-f34271e5d24a3777ba17c30498dd35e1","brizy_post_uid":["1a1258c6e48edfee21d29a15e260df67"]}},{"id":7379,"url":"https:\/\/ebeme.fr\/ebeme\/wp-content\/uploads\/2021\/12\/Ch\u00e8vrefeuille_Fleur-de-Bach_Myl\u00e8ne-GUILLOT-Magn\u00e9tiseuse-Rebouteuse-Relaxologue.jpg","name":"Ch\u00e8vrefeuille_Fleur-de-Bach_Myl\u00e8ne-GUILLOT-Magn\u00e9tiseuse-Rebouteuse-Relaxologue.jpg","meta":{"brizy_attachment_uid":"wp-9eda9ea5db5fddd4405e48793aad1d16","brizy_post_uid":["1a1258c6e48edfee21d29a15e260df67"]}},{"id":8141,"url":"https:\/\/ebeme.fr\/ebeme\/wp-content\/uploads\/2022\/03\/9.2_Allergies-intol\u00e9rances_Myl\u00e8ne-GUILLOT-Magn\u00e9tiseuse-Rebouteuse-Relaxologue.jpg","name":"9.2_Allergies-intol\u00e9rances_Myl\u00e8ne-GUILLOT-Magn\u00e9tiseuse-Rebouteuse-Relaxologue.jpg","meta":{"brizy_attachment_uid":"wp-d194824b6b8205e6d969d0647514ae07","brizy_post_uid":["1a1258c6e48edfee21d29a15e260df67"]}},{"id":8143,"url":"https:\/\/ebeme.fr\/ebeme\/wp-content\/uploads\/2022\/03\/9.1_Allergies-intol\u00e9rances_Myl\u00e8ne-GUILLOT-Magn\u00e9tiseuse-Rebouteuse-Relaxologue-1.jpg","name":"9.1_Allergies-intol\u00e9rances_Myl\u00e8ne-GUILLOT-Magn\u00e9tiseuse-Rebouteuse-Relaxologue-1.jpg","meta":{"brizy_attachment_uid":"wp-80d1b77c6956242da4f8edae0707f0a7","brizy_post_uid":["1a1258c6e48edfee21d29a15e260df67","92e71d2b398590b61076ee3cb101a525"]}},{"id":8577,"url":"https:\/\/ebeme.fr\/ebeme\/wp-content\/uploads\/2022\/08\/5.3.1_Magn\u00e9tisme.jpg","name":"5.3.1_Magn\u00e9tisme.jpg","meta":{"brizy_attachment_uid":"wp-ccb45fe7e4b14be4622bd997e8be50be","brizy_post_uid":["1a1258c6e48edfee21d29a15e260df67"]}},{"id":8578,"url":"https:\/\/ebeme.fr\/ebeme\/wp-content\/uploads\/2022\/08\/5.3.2_Reboutement.jpg","name":"5.3.2_Reboutement.jpg","meta":{"brizy_attachment_uid":"wp-e1b9d96005090cd90e2205f26f758c2e","brizy_post_uid":["1a1258c6e48edfee21d29a15e260df67"]}},{"id":9121,"url":"https:\/\/ebeme.fr\/ebeme\/wp-content\/uploads\/2023\/08\/Guidance-spirituelle_Bienfaits_Mylene-GUILLOT-Magnetiseuse-Rebouteuse-Relaxologue-Energeticienne.jpg","name":"Guidance-spirituelle_Bienfaits_Mylene-GUILLOT-Magnetiseuse-Rebouteuse-Relaxologue-Energeticienne.jpg","meta":{"brizy_attachment_uid":"wp-f14bda27d442122936b3a96f69fc0d41","brizy_post_uid":["1a1258c6e48edfee21d29a15e260df67"]}}],"_links":{"self":[{"href":"https:\/\/ebeme.fr\/ebeme\/wp-json\/wp\/v2\/pages\/9120","targetHints":{"allow":["GET"]}}],"collection":[{"href":"https:\/\/ebeme.fr\/ebeme\/wp-json\/wp\/v2\/pages"}],"about":[{"href":"https:\/\/ebeme.fr\/ebeme\/wp-json\/wp\/v2\/types\/page"}],"author":[{"embeddable":true,"href":"https:\/\/ebeme.fr\/ebeme\/wp-json\/wp\/v2\/users\/1"}],"replies":[{"embeddable":true,"href":"https:\/\/ebeme.fr\/ebeme\/wp-json\/wp\/v2\/comments?post=9120"}],"version-history":[{"count":30,"href":"https:\/\/ebeme.fr\/ebeme\/wp-json\/wp\/v2\/pages\/9120\/revisions"}],"predecessor-version":[{"id":12015,"href":"https:\/\/ebeme.fr\/ebeme\/wp-json\/wp\/v2\/pages\/9120\/revisions\/12015"}],"wp:attachment":[{"href":"https:\/\/ebeme.fr\/ebeme\/wp-json\/wp\/v2\/media?parent=9120"}],"curies":[{"name":"wp","href":"https:\/\/api.w.org\/{rel}","templated":true}]}}